{"id":20015,"date":"2024-07-07T22:14:06","date_gmt":"2024-07-07T20:14:06","guid":{"rendered":"https:\/\/eam-scientific.com\/?post_type=product&#038;p=20015"},"modified":"2024-07-07T22:14:12","modified_gmt":"2024-07-07T20:14:12","slug":"retention-gaps-phenyl-silyliert-gering-mittelpolar-3","status":"publish","type":"product","link":"https:\/\/eam-scientific.com\/de\/produkt\/retention-gaps-phenyl-silyliert-gering-mittelpolar-3\/","title":{"rendered":"Retention Gaps, Phenyl silyliert, gering\u2013mittelpolar"},"content":{"rendered":"<p>Die Retention Gap-Technik erlaubt in Kombination mit der On-column-Injektion die Konzentrierung eines gro\u00dfen Probenvolumens in der Kapillars\u00e4ule. Retention Gaps bestehen aus unbeschichteten (keine station\u00e4re Phase), desaktivierten Kapillars\u00e4ulen aus Quarzglas. Ein Retention Gap muss inert sein. Es darf keine sp\u00fcrbare Retentionskraft besitzen (Analyten werden nicht zur\u00fcckgehalten). Die polyethylenglykol-desaktivierte Oberfl\u00e4che eliminiert unerw\u00fcnschte Interaktionen. Die Peakform wird durch Fokussierung und Konzentration der Probenkomponenten bei der Aufbringung eines gro\u00dfen Probenvolumens auf die S\u00e4ule verbessert.<\/p>\n","protected":false},"excerpt":{"rendered":"<p>Die Retention Gap-Technik erlaubt in Kombination mit der On-column-Injektion die Konzentrierung eines gro\u00dfen Probenvolumens in der Kapillars\u00e4ule. Retention Gaps bestehen aus unbeschichteten (keine station\u00e4re Phase), desaktivierten Kapillars\u00e4ulen aus Quarzglas. Ein Retention Gap muss inert sein. Es darf keine sp\u00fcrbare Retentionskraft besitzen (Analyten werden nicht zur\u00fcckgehalten). Die polyethylenglykol-desaktivierte Oberfl\u00e4che eliminiert unerw\u00fcnschte Interaktionen. Die Peakform wird durch [&hellip;]<\/p>\n","protected":false},"featured_media":20043,"comment_status":"open","ping_status":"closed","template":"","meta":[],"product_cat":[25,146,148],"product_tag":[],"class_list":{"0":"post-20015","1":"product","2":"type-product","3":"status-publish","4":"has-post-thumbnail","6":"product_cat-chromatographie","7":"product_cat-gaschromatographie-gc","8":"product_cat-gc-vorsaeulen-und-retention-gaps","10":"first","11":"instock","12":"shipping-taxable","13":"product-type-simple"},"_links":{"self":[{"href":"https:\/\/eam-scientific.com\/de\/wp-json\/wp\/v2\/product\/20015","targetHints":{"allow":["GET"]}}],"collection":[{"href":"https:\/\/eam-scientific.com\/de\/wp-json\/wp\/v2\/product"}],"about":[{"href":"https:\/\/eam-scientific.com\/de\/wp-json\/wp\/v2\/types\/product"}],"replies":[{"embeddable":true,"href":"https:\/\/eam-scientific.com\/de\/wp-json\/wp\/v2\/comments?post=20015"}],"wp:featuredmedia":[{"embeddable":true,"href":"https:\/\/eam-scientific.com\/de\/wp-json\/wp\/v2\/media\/20043"}],"wp:attachment":[{"href":"https:\/\/eam-scientific.com\/de\/wp-json\/wp\/v2\/media?parent=20015"}],"wp:term":[{"taxonomy":"product_cat","embeddable":true,"href":"https:\/\/eam-scientific.com\/de\/wp-json\/wp\/v2\/product_cat?post=20015"},{"taxonomy":"product_tag","embeddable":true,"href":"https:\/\/eam-scientific.com\/de\/wp-json\/wp\/v2\/product_tag?post=20015"}],"curies":[{"name":"wp","href":"https:\/\/api.w.org\/{rel}","templated":true}]}}