{"id":20020,"date":"2024-07-07T22:14:06","date_gmt":"2024-07-07T20:14:06","guid":{"rendered":"https:\/\/eam-scientific.com\/?post_type=product&#038;p=20020"},"modified":"2024-07-07T22:14:21","modified_gmt":"2024-07-07T20:14:21","slug":"derivatisierungsreagenz-fuer-gc-silylierung-mshfba","status":"publish","type":"product","link":"https:\/\/eam-scientific.com\/de\/produkt\/derivatisierungsreagenz-fuer-gc-silylierung-mshfba\/","title":{"rendered":"Derivatisierungsreagenz f\u00fcr GC, Silylierung, MSHFBA"},"content":{"rendered":"<p>MSHFBA wird entweder allein oder in Kombination mit einem Katalysator (TMCS, TSIM) oder einem anderen Silylierungsmitteln mit oder ohne L\u00f6semittel verwendet. Das Nebenprodukt N-Methylheptafluorbutters\u00e4ureamid hat eine geringere Retention als das Silylierungsmittel. Besonders g\u00fcnstig f\u00fcr die Flammenionisationsdetektion aufgrund des gro\u00dfen Verh\u00e4ltnisses von Fluor zu Silizium von 7:1, da der Abbau des MSHFBA-\u00dcberschusses kein SiO\u2082, sondern fl\u00fcchtige, nicht korrosive Siliziumverbindungen erzeugt. Diese Produkte enthalten kennzeichnungspflichtige Gefahrstoffe. F\u00fcr detaillierte Informationen bitte das Sicherheitsdatenblatt beachten.<\/p>\n","protected":false},"excerpt":{"rendered":"<p>MSHFBA wird entweder allein oder in Kombination mit einem Katalysator (TMCS, TSIM) oder einem anderen Silylierungsmitteln mit oder ohne L\u00f6semittel verwendet. Das Nebenprodukt N-Methylheptafluorbutters\u00e4ureamid hat eine geringere Retention als das Silylierungsmittel. Besonders g\u00fcnstig f\u00fcr die Flammenionisationsdetektion aufgrund des gro\u00dfen Verh\u00e4ltnisses von Fluor zu Silizium von 7:1, da der Abbau des MSHFBA-\u00dcberschusses kein SiO\u2082, sondern fl\u00fcchtige, [&hellip;]<\/p>\n","protected":false},"featured_media":20058,"comment_status":"open","ping_status":"closed","template":"","meta":[],"product_cat":[25,149,146],"product_tag":[],"class_list":{"0":"post-20020","1":"product","2":"type-product","3":"status-publish","4":"has-post-thumbnail","6":"product_cat-chromatographie","7":"product_cat-derivatisierungsmittel-fuer-die-gc","8":"product_cat-gaschromatographie-gc","10":"first","11":"instock","12":"shipping-taxable","13":"product-type-simple"},"_links":{"self":[{"href":"https:\/\/eam-scientific.com\/de\/wp-json\/wp\/v2\/product\/20020","targetHints":{"allow":["GET"]}}],"collection":[{"href":"https:\/\/eam-scientific.com\/de\/wp-json\/wp\/v2\/product"}],"about":[{"href":"https:\/\/eam-scientific.com\/de\/wp-json\/wp\/v2\/types\/product"}],"replies":[{"embeddable":true,"href":"https:\/\/eam-scientific.com\/de\/wp-json\/wp\/v2\/comments?post=20020"}],"wp:featuredmedia":[{"embeddable":true,"href":"https:\/\/eam-scientific.com\/de\/wp-json\/wp\/v2\/media\/20058"}],"wp:attachment":[{"href":"https:\/\/eam-scientific.com\/de\/wp-json\/wp\/v2\/media?parent=20020"}],"wp:term":[{"taxonomy":"product_cat","embeddable":true,"href":"https:\/\/eam-scientific.com\/de\/wp-json\/wp\/v2\/product_cat?post=20020"},{"taxonomy":"product_tag","embeddable":true,"href":"https:\/\/eam-scientific.com\/de\/wp-json\/wp\/v2\/product_tag?post=20020"}],"curies":[{"name":"wp","href":"https:\/\/api.w.org\/{rel}","templated":true}]}}