{"id":20065,"date":"2024-07-07T22:14:23","date_gmt":"2024-07-07T20:14:23","guid":{"rendered":"https:\/\/eam-scientific.com\/?post_type=product&#038;p=20065"},"modified":"2024-07-07T22:14:29","modified_gmt":"2024-07-07T20:14:29","slug":"derivatisierungsreagenz-fuer-gc-silylierung-silyl-991","status":"publish","type":"product","link":"https:\/\/eam-scientific.com\/de\/produkt\/derivatisierungsreagenz-fuer-gc-silylierung-silyl-991\/","title":{"rendered":"Derivatisierungsreagenz f\u00fcr GC, Silylierung, Silyl-991"},"content":{"rendered":"<p>Diese Silylierungsmittel-Mischung SILYL-991 besteht aus BSTFA &#8211; TMCS (99:1), das fertig zur bequemen Anwendung ist. BSTFA alleine reagiert im Allgemeinen mit dem gesamten vorhandenen organischen Material, aber m\u00f6glicherweise nicht mit einigen Amiden, sekund\u00e4ren Aminen und gehinderten Hydroxylgruppen. SILYL-991 hingegen ist auch f\u00fcr diese Verbindungen geeignet. Diese Produkte enthalten kennzeichnungspflichtige Gefahrstoffe. F\u00fcr detaillierte Informationen bitte das Sicherheitsdatenblatt beachten.<\/p>\n","protected":false},"excerpt":{"rendered":"<p>Diese Silylierungsmittel-Mischung SILYL-991 besteht aus BSTFA &#8211; TMCS (99:1), das fertig zur bequemen Anwendung ist. BSTFA alleine reagiert im Allgemeinen mit dem gesamten vorhandenen organischen Material, aber m\u00f6glicherweise nicht mit einigen Amiden, sekund\u00e4ren Aminen und gehinderten Hydroxylgruppen. SILYL-991 hingegen ist auch f\u00fcr diese Verbindungen geeignet. Diese Produkte enthalten kennzeichnungspflichtige Gefahrstoffe. F\u00fcr detaillierte Informationen bitte das [&hellip;]<\/p>\n","protected":false},"featured_media":20088,"comment_status":"open","ping_status":"closed","template":"","meta":[],"product_cat":[25,149,146],"product_tag":[],"class_list":{"0":"post-20065","1":"product","2":"type-product","3":"status-publish","4":"has-post-thumbnail","6":"product_cat-chromatographie","7":"product_cat-derivatisierungsmittel-fuer-die-gc","8":"product_cat-gaschromatographie-gc","10":"first","11":"instock","12":"shipping-taxable","13":"product-type-simple"},"_links":{"self":[{"href":"https:\/\/eam-scientific.com\/de\/wp-json\/wp\/v2\/product\/20065","targetHints":{"allow":["GET"]}}],"collection":[{"href":"https:\/\/eam-scientific.com\/de\/wp-json\/wp\/v2\/product"}],"about":[{"href":"https:\/\/eam-scientific.com\/de\/wp-json\/wp\/v2\/types\/product"}],"replies":[{"embeddable":true,"href":"https:\/\/eam-scientific.com\/de\/wp-json\/wp\/v2\/comments?post=20065"}],"wp:featuredmedia":[{"embeddable":true,"href":"https:\/\/eam-scientific.com\/de\/wp-json\/wp\/v2\/media\/20088"}],"wp:attachment":[{"href":"https:\/\/eam-scientific.com\/de\/wp-json\/wp\/v2\/media?parent=20065"}],"wp:term":[{"taxonomy":"product_cat","embeddable":true,"href":"https:\/\/eam-scientific.com\/de\/wp-json\/wp\/v2\/product_cat?post=20065"},{"taxonomy":"product_tag","embeddable":true,"href":"https:\/\/eam-scientific.com\/de\/wp-json\/wp\/v2\/product_tag?post=20065"}],"curies":[{"name":"wp","href":"https:\/\/api.w.org\/{rel}","templated":true}]}}