{"id":20071,"date":"2024-07-07T22:14:23","date_gmt":"2024-07-07T20:14:23","guid":{"rendered":"https:\/\/eam-scientific.com\/?post_type=product&#038;p=20071"},"modified":"2024-07-07T22:14:41","modified_gmt":"2024-07-07T20:14:41","slug":"derivatisierungsreagenz-fuer-gc-acylierung-mbhfba","status":"publish","type":"product","link":"https:\/\/eam-scientific.com\/de\/produkt\/derivatisierungsreagenz-fuer-gc-acylierung-mbhfba\/","title":{"rendered":"Derivatisierungsreagenz f\u00fcr GC, Acylierung, MBHFBA"},"content":{"rendered":"<p>Bisacylamide wie MBHFBA bilden entsprechende neutrale Acylamide, die aufgrund ihrer hohen Fl\u00fcchtigkeit leicht entfernt werden k\u00f6nnen. Aufgrund neutraler Bedingungen und g\u00fcnstiger chromatographischer Eigenschaften ist eine Entfernung des Acylamids oft nicht erforderlich. Dadurch ist die Probenvorbereitung wesentlich komfortabler. Die Acylierung mit MBTFA bildet auch sehr fl\u00fcchtige Derivate mit Kohlenhydraten. Diese Produkte enthalten kennzeichnungspflichtige Gefahrstoffe. F\u00fcr detaillierte Informationen bitte das Sicherheitsdatenblatt beachten.<\/p>\n","protected":false},"excerpt":{"rendered":"<p>Bisacylamide wie MBHFBA bilden entsprechende neutrale Acylamide, die aufgrund ihrer hohen Fl\u00fcchtigkeit leicht entfernt werden k\u00f6nnen. Aufgrund neutraler Bedingungen und g\u00fcnstiger chromatographischer Eigenschaften ist eine Entfernung des Acylamids oft nicht erforderlich. Dadurch ist die Probenvorbereitung wesentlich komfortabler. Die Acylierung mit MBTFA bildet auch sehr fl\u00fcchtige Derivate mit Kohlenhydraten. Diese Produkte enthalten kennzeichnungspflichtige Gefahrstoffe. F\u00fcr detaillierte [&hellip;]<\/p>\n","protected":false},"featured_media":20106,"comment_status":"open","ping_status":"closed","template":"","meta":[],"product_cat":[25,149,146],"product_tag":[],"class_list":{"0":"post-20071","1":"product","2":"type-product","3":"status-publish","4":"has-post-thumbnail","6":"product_cat-chromatographie","7":"product_cat-derivatisierungsmittel-fuer-die-gc","8":"product_cat-gaschromatographie-gc","10":"first","11":"instock","12":"shipping-taxable","13":"product-type-simple"},"_links":{"self":[{"href":"https:\/\/eam-scientific.com\/de\/wp-json\/wp\/v2\/product\/20071","targetHints":{"allow":["GET"]}}],"collection":[{"href":"https:\/\/eam-scientific.com\/de\/wp-json\/wp\/v2\/product"}],"about":[{"href":"https:\/\/eam-scientific.com\/de\/wp-json\/wp\/v2\/types\/product"}],"replies":[{"embeddable":true,"href":"https:\/\/eam-scientific.com\/de\/wp-json\/wp\/v2\/comments?post=20071"}],"wp:featuredmedia":[{"embeddable":true,"href":"https:\/\/eam-scientific.com\/de\/wp-json\/wp\/v2\/media\/20106"}],"wp:attachment":[{"href":"https:\/\/eam-scientific.com\/de\/wp-json\/wp\/v2\/media?parent=20071"}],"wp:term":[{"taxonomy":"product_cat","embeddable":true,"href":"https:\/\/eam-scientific.com\/de\/wp-json\/wp\/v2\/product_cat?post=20071"},{"taxonomy":"product_tag","embeddable":true,"href":"https:\/\/eam-scientific.com\/de\/wp-json\/wp\/v2\/product_tag?post=20071"}],"curies":[{"name":"wp","href":"https:\/\/api.w.org\/{rel}","templated":true}]}}