{"id":20075,"date":"2024-07-07T22:14:24","date_gmt":"2024-07-07T20:14:24","guid":{"rendered":"https:\/\/eam-scientific.com\/?post_type=product&#038;p=20075"},"modified":"2024-07-07T22:14:46","modified_gmt":"2024-07-07T20:14:46","slug":"derivatisierungsreagenz-fuer-gc-silylierung-tmcs","status":"publish","type":"product","link":"https:\/\/eam-scientific.com\/de\/produkt\/derivatisierungsreagenz-fuer-gc-silylierung-tmcs\/","title":{"rendered":"Derivatisierungsreagenz f\u00fcr GC, Silylierung, TMCS"},"content":{"rendered":"<p>Eine 1 molare L\u00f6sung von TMCS in Methanol eignet sich f\u00fcr die Veresterung von freien Carbons\u00e4uren und die Umesterung von Glyceriden. TMCS und Silylether entfernen Wasser und treiben so die Reaktion zum Abschluss. Diese Produkte enthalten kennzeichnungspflichtige Gefahrstoffe. F\u00fcr detaillierte Informationen bitte das Sicherheitsdatenblatt beachten.<\/p>\n","protected":false},"excerpt":{"rendered":"<p>Eine 1 molare L\u00f6sung von TMCS in Methanol eignet sich f\u00fcr die Veresterung von freien Carbons\u00e4uren und die Umesterung von Glyceriden. TMCS und Silylether entfernen Wasser und treiben so die Reaktion zum Abschluss. Diese Produkte enthalten kennzeichnungspflichtige Gefahrstoffe. F\u00fcr detaillierte Informationen bitte das Sicherheitsdatenblatt beachten.<\/p>\n","protected":false},"featured_media":20118,"comment_status":"open","ping_status":"closed","template":"","meta":[],"product_cat":[25,149,146],"product_tag":[],"class_list":{"0":"post-20075","1":"product","2":"type-product","3":"status-publish","4":"has-post-thumbnail","6":"product_cat-chromatographie","7":"product_cat-derivatisierungsmittel-fuer-die-gc","8":"product_cat-gaschromatographie-gc","10":"first","11":"instock","12":"shipping-taxable","13":"product-type-simple"},"_links":{"self":[{"href":"https:\/\/eam-scientific.com\/de\/wp-json\/wp\/v2\/product\/20075","targetHints":{"allow":["GET"]}}],"collection":[{"href":"https:\/\/eam-scientific.com\/de\/wp-json\/wp\/v2\/product"}],"about":[{"href":"https:\/\/eam-scientific.com\/de\/wp-json\/wp\/v2\/types\/product"}],"replies":[{"embeddable":true,"href":"https:\/\/eam-scientific.com\/de\/wp-json\/wp\/v2\/comments?post=20075"}],"wp:featuredmedia":[{"embeddable":true,"href":"https:\/\/eam-scientific.com\/de\/wp-json\/wp\/v2\/media\/20118"}],"wp:attachment":[{"href":"https:\/\/eam-scientific.com\/de\/wp-json\/wp\/v2\/media?parent=20075"}],"wp:term":[{"taxonomy":"product_cat","embeddable":true,"href":"https:\/\/eam-scientific.com\/de\/wp-json\/wp\/v2\/product_cat?post=20075"},{"taxonomy":"product_tag","embeddable":true,"href":"https:\/\/eam-scientific.com\/de\/wp-json\/wp\/v2\/product_tag?post=20075"}],"curies":[{"name":"wp","href":"https:\/\/api.w.org\/{rel}","templated":true}]}}