{"id":20077,"date":"2024-07-07T22:14:24","date_gmt":"2024-07-07T20:14:24","guid":{"rendered":"https:\/\/eam-scientific.com\/?post_type=product&#038;p=20077"},"modified":"2024-07-07T22:14:50","modified_gmt":"2024-07-07T20:14:50","slug":"derivatisierungsreagenz-fuer-gc-acylierung-tfaa","status":"publish","type":"product","link":"https:\/\/eam-scientific.com\/de\/produkt\/derivatisierungsreagenz-fuer-gc-acylierung-tfaa\/","title":{"rendered":"Derivatisierungsreagenz f\u00fcr GC, Acylierung, TFAA"},"content":{"rendered":"<p>Das Acylierungsreagenz TFAA als Anhydrid bildet entsprechende S\u00e4uren als Nebenprodukte. \u00dcbersch\u00fcssiges Reagenz und die gebildete S\u00e4ure m\u00fcssen entfernt werden. Die Acylierung mit fluorierten S\u00e4ureanhydriden bildet stabile Derivate, die sowohl f\u00fcr FID- als auch f\u00fcr ECD-Detektion geeignet sind. Diese Produkte enthalten kennzeichnungspflichtige Gefahrstoffe. F\u00fcr detaillierte Informationen bitte das Sicherheitsdatenblatt beachten.<\/p>\n","protected":false},"excerpt":{"rendered":"<p>Das Acylierungsreagenz TFAA als Anhydrid bildet entsprechende S\u00e4uren als Nebenprodukte. \u00dcbersch\u00fcssiges Reagenz und die gebildete S\u00e4ure m\u00fcssen entfernt werden. Die Acylierung mit fluorierten S\u00e4ureanhydriden bildet stabile Derivate, die sowohl f\u00fcr FID- als auch f\u00fcr ECD-Detektion geeignet sind. Diese Produkte enthalten kennzeichnungspflichtige Gefahrstoffe. F\u00fcr detaillierte Informationen bitte das Sicherheitsdatenblatt beachten.<\/p>\n","protected":false},"featured_media":20124,"comment_status":"open","ping_status":"closed","template":"","meta":[],"product_cat":[25,149,146],"product_tag":[],"class_list":{"0":"post-20077","1":"product","2":"type-product","3":"status-publish","4":"has-post-thumbnail","6":"product_cat-chromatographie","7":"product_cat-derivatisierungsmittel-fuer-die-gc","8":"product_cat-gaschromatographie-gc","10":"first","11":"instock","12":"shipping-taxable","13":"product-type-simple"},"_links":{"self":[{"href":"https:\/\/eam-scientific.com\/de\/wp-json\/wp\/v2\/product\/20077","targetHints":{"allow":["GET"]}}],"collection":[{"href":"https:\/\/eam-scientific.com\/de\/wp-json\/wp\/v2\/product"}],"about":[{"href":"https:\/\/eam-scientific.com\/de\/wp-json\/wp\/v2\/types\/product"}],"replies":[{"embeddable":true,"href":"https:\/\/eam-scientific.com\/de\/wp-json\/wp\/v2\/comments?post=20077"}],"wp:featuredmedia":[{"embeddable":true,"href":"https:\/\/eam-scientific.com\/de\/wp-json\/wp\/v2\/media\/20124"}],"wp:attachment":[{"href":"https:\/\/eam-scientific.com\/de\/wp-json\/wp\/v2\/media?parent=20077"}],"wp:term":[{"taxonomy":"product_cat","embeddable":true,"href":"https:\/\/eam-scientific.com\/de\/wp-json\/wp\/v2\/product_cat?post=20077"},{"taxonomy":"product_tag","embeddable":true,"href":"https:\/\/eam-scientific.com\/de\/wp-json\/wp\/v2\/product_tag?post=20077"}],"curies":[{"name":"wp","href":"https:\/\/api.w.org\/{rel}","templated":true}]}}