{"id":20078,"date":"2024-07-07T22:14:24","date_gmt":"2024-07-07T20:14:24","guid":{"rendered":"https:\/\/eam-scientific.com\/?post_type=product&#038;p=20078"},"modified":"2024-07-07T22:14:52","modified_gmt":"2024-07-07T20:14:52","slug":"derivatisierungsreagenz-fuer-gc-silylierung-bstfa","status":"publish","type":"product","link":"https:\/\/eam-scientific.com\/de\/produkt\/derivatisierungsreagenz-fuer-gc-silylierung-bstfa\/","title":{"rendered":"Derivatisierungsreagenz f\u00fcr GC, Silylierung, BSTFA"},"content":{"rendered":"<p>BSTFA ist ein Silylierungsmittel zur Silylierung von Fetts\u00e4ureamiden, gehinderten Hydroxylen und anderen schwer silylierbaren Verbindungen (wie sekund\u00e4re Alkohole und Amine). Diese Produkte enthalten kennzeichnungspflichtige Gefahrstoffe. F\u00fcr detaillierte Informationen bitte das Sicherheitsdatenblatt beachten.<\/p>\n","protected":false},"excerpt":{"rendered":"<p>BSTFA ist ein Silylierungsmittel zur Silylierung von Fetts\u00e4ureamiden, gehinderten Hydroxylen und anderen schwer silylierbaren Verbindungen (wie sekund\u00e4re Alkohole und Amine). Diese Produkte enthalten kennzeichnungspflichtige Gefahrstoffe. F\u00fcr detaillierte Informationen bitte das Sicherheitsdatenblatt beachten.<\/p>\n","protected":false},"featured_media":20127,"comment_status":"open","ping_status":"closed","template":"","meta":[],"product_cat":[25,149,146],"product_tag":[],"class_list":{"0":"post-20078","1":"product","2":"type-product","3":"status-publish","4":"has-post-thumbnail","6":"product_cat-chromatographie","7":"product_cat-derivatisierungsmittel-fuer-die-gc","8":"product_cat-gaschromatographie-gc","10":"first","11":"instock","12":"shipping-taxable","13":"product-type-simple"},"_links":{"self":[{"href":"https:\/\/eam-scientific.com\/de\/wp-json\/wp\/v2\/product\/20078","targetHints":{"allow":["GET"]}}],"collection":[{"href":"https:\/\/eam-scientific.com\/de\/wp-json\/wp\/v2\/product"}],"about":[{"href":"https:\/\/eam-scientific.com\/de\/wp-json\/wp\/v2\/types\/product"}],"replies":[{"embeddable":true,"href":"https:\/\/eam-scientific.com\/de\/wp-json\/wp\/v2\/comments?post=20078"}],"wp:featuredmedia":[{"embeddable":true,"href":"https:\/\/eam-scientific.com\/de\/wp-json\/wp\/v2\/media\/20127"}],"wp:attachment":[{"href":"https:\/\/eam-scientific.com\/de\/wp-json\/wp\/v2\/media?parent=20078"}],"wp:term":[{"taxonomy":"product_cat","embeddable":true,"href":"https:\/\/eam-scientific.com\/de\/wp-json\/wp\/v2\/product_cat?post=20078"},{"taxonomy":"product_tag","embeddable":true,"href":"https:\/\/eam-scientific.com\/de\/wp-json\/wp\/v2\/product_tag?post=20078"}],"curies":[{"name":"wp","href":"https:\/\/api.w.org\/{rel}","templated":true}]}}