{"id":20079,"date":"2024-07-07T22:14:24","date_gmt":"2024-07-07T20:14:24","guid":{"rendered":"https:\/\/eam-scientific.com\/?post_type=product&#038;p=20079"},"modified":"2024-07-07T22:14:54","modified_gmt":"2024-07-07T20:14:54","slug":"derivatisierungsreagenz-fuer-gc-silylierung-mbdstfa","status":"publish","type":"product","link":"https:\/\/eam-scientific.com\/de\/produkt\/derivatisierungsreagenz-fuer-gc-silylierung-mbdstfa\/","title":{"rendered":"Derivatisierungsreagenz f\u00fcr GC, Silylierung, MBDSTFA"},"content":{"rendered":"<p>MBDSTFA (MTB-TFA oder MTBSTFA) ist ein Silylierungsmittel, das eine tert-Butyldimethylsilylgruppe (TBDMS) zur Derivatisierung von aktiven Wasserstoffatomen in Hydroxyl-, Carboxyl- und Thiolgruppen, prim\u00e4ren und sekund\u00e4ren Aminen sowie Aminos\u00e4uren einf\u00fchrt. Schnelle Reaktionen (typischerweise 5-20 Minuten) mit hohen Ausbeuten (> 96 %). Nebenprodukte sind neutral und fl\u00fcchtig. TBDMS-Ether sind stabiler als die entsprechenden TMS-Ether. Die chromatographischen Retentionszeiten sind aufgrund der gro\u00dfen Schutzgruppe l\u00e4nger, was einige Trennungen verbessern kann. Aufgrund der hohen molekularen Ionenkonzentration bei M+-57 f\u00fcr GC-MS-Anwendungen geeignet. Diese Produkte enthalten kennzeichnungspflichtige Gefahrstoffe. F\u00fcr detaillierte Informationen bitte das Sicherheitsdatenblatt beachten.<\/p>\n","protected":false},"excerpt":{"rendered":"<p>MBDSTFA (MTB-TFA oder MTBSTFA) ist ein Silylierungsmittel, das eine tert-Butyldimethylsilylgruppe (TBDMS) zur Derivatisierung von aktiven Wasserstoffatomen in Hydroxyl-, Carboxyl- und Thiolgruppen, prim\u00e4ren und sekund\u00e4ren Aminen sowie Aminos\u00e4uren einf\u00fchrt. Schnelle Reaktionen (typischerweise 5-20 Minuten) mit hohen Ausbeuten (> 96 %). Nebenprodukte sind neutral und fl\u00fcchtig. TBDMS-Ether sind stabiler als die entsprechenden TMS-Ether. Die chromatographischen Retentionszeiten sind [&hellip;]<\/p>\n","protected":false},"featured_media":20130,"comment_status":"open","ping_status":"closed","template":"","meta":[],"product_cat":[25,149,146],"product_tag":[],"class_list":{"0":"post-20079","1":"product","2":"type-product","3":"status-publish","4":"has-post-thumbnail","6":"product_cat-chromatographie","7":"product_cat-derivatisierungsmittel-fuer-die-gc","8":"product_cat-gaschromatographie-gc","10":"first","11":"instock","12":"shipping-taxable","13":"product-type-simple"},"_links":{"self":[{"href":"https:\/\/eam-scientific.com\/de\/wp-json\/wp\/v2\/product\/20079","targetHints":{"allow":["GET"]}}],"collection":[{"href":"https:\/\/eam-scientific.com\/de\/wp-json\/wp\/v2\/product"}],"about":[{"href":"https:\/\/eam-scientific.com\/de\/wp-json\/wp\/v2\/types\/product"}],"replies":[{"embeddable":true,"href":"https:\/\/eam-scientific.com\/de\/wp-json\/wp\/v2\/comments?post=20079"}],"wp:featuredmedia":[{"embeddable":true,"href":"https:\/\/eam-scientific.com\/de\/wp-json\/wp\/v2\/media\/20130"}],"wp:attachment":[{"href":"https:\/\/eam-scientific.com\/de\/wp-json\/wp\/v2\/media?parent=20079"}],"wp:term":[{"taxonomy":"product_cat","embeddable":true,"href":"https:\/\/eam-scientific.com\/de\/wp-json\/wp\/v2\/product_cat?post=20079"},{"taxonomy":"product_tag","embeddable":true,"href":"https:\/\/eam-scientific.com\/de\/wp-json\/wp\/v2\/product_tag?post=20079"}],"curies":[{"name":"wp","href":"https:\/\/api.w.org\/{rel}","templated":true}]}}