{"id":20083,"date":"2024-07-07T22:14:24","date_gmt":"2024-07-07T20:14:24","guid":{"rendered":"https:\/\/eam-scientific.com\/?post_type=product&#038;p=20083"},"modified":"2024-07-07T22:15:02","modified_gmt":"2024-07-07T20:15:02","slug":"derivatisierungsreagenz-fuer-gc-alkylierung-methylierung-tmsh","status":"publish","type":"product","link":"https:\/\/eam-scientific.com\/de\/produkt\/derivatisierungsreagenz-fuer-gc-alkylierung-methylierung-tmsh\/","title":{"rendered":"Derivatisierungsreagenz f\u00fcr GC, Alkylierung, Methylierung, TMSH"},"content":{"rendered":"<p>TMSH wird zur Methylierung von Fetts\u00e4uren verwendet, da es lediglich notwendig ist, das Reagenz (0,2 M in Methanol) zur Probenl\u00f6sung hinzuzuf\u00fcgen. Eine Entfernung des \u00fcbersch\u00fcssigen Reagenzes ist nicht erforderlich, da im Injektor des Gaschromatographen bei 250 \u00b0C eine Pyrolyse zu fl\u00fcchtigem Methanol und Dimethylsulfid stattfindet. Aufgrund der hohen Reaktivit\u00e4t wird die vollst\u00e4ndige Derivatisierung oft bei Umgebungstemperatur erreicht. Es kann jedoch eine Erw\u00e4rmung (z.B. 10 min bei 100 \u00b0C) in einem geschlossenen Probengef\u00e4\u00df erforderlich sein. Diese Produkte enthalten kennzeichnungspflichtige Gefahrstoffe. F\u00fcr detaillierte Informationen bitte das Sicherheitsdatenblatt beachten.<\/p>\n","protected":false},"excerpt":{"rendered":"<p>TMSH wird zur Methylierung von Fetts\u00e4uren verwendet, da es lediglich notwendig ist, das Reagenz (0,2 M in Methanol) zur Probenl\u00f6sung hinzuzuf\u00fcgen. Eine Entfernung des \u00fcbersch\u00fcssigen Reagenzes ist nicht erforderlich, da im Injektor des Gaschromatographen bei 250 \u00b0C eine Pyrolyse zu fl\u00fcchtigem Methanol und Dimethylsulfid stattfindet. Aufgrund der hohen Reaktivit\u00e4t wird die vollst\u00e4ndige Derivatisierung oft bei [&hellip;]<\/p>\n","protected":false},"featured_media":20142,"comment_status":"open","ping_status":"closed","template":"","meta":[],"product_cat":[25,149,146],"product_tag":[],"class_list":{"0":"post-20083","1":"product","2":"type-product","3":"status-publish","4":"has-post-thumbnail","6":"product_cat-chromatographie","7":"product_cat-derivatisierungsmittel-fuer-die-gc","8":"product_cat-gaschromatographie-gc","10":"first","11":"instock","12":"shipping-taxable","13":"product-type-simple"},"_links":{"self":[{"href":"https:\/\/eam-scientific.com\/de\/wp-json\/wp\/v2\/product\/20083","targetHints":{"allow":["GET"]}}],"collection":[{"href":"https:\/\/eam-scientific.com\/de\/wp-json\/wp\/v2\/product"}],"about":[{"href":"https:\/\/eam-scientific.com\/de\/wp-json\/wp\/v2\/types\/product"}],"replies":[{"embeddable":true,"href":"https:\/\/eam-scientific.com\/de\/wp-json\/wp\/v2\/comments?post=20083"}],"wp:featuredmedia":[{"embeddable":true,"href":"https:\/\/eam-scientific.com\/de\/wp-json\/wp\/v2\/media\/20142"}],"wp:attachment":[{"href":"https:\/\/eam-scientific.com\/de\/wp-json\/wp\/v2\/media?parent=20083"}],"wp:term":[{"taxonomy":"product_cat","embeddable":true,"href":"https:\/\/eam-scientific.com\/de\/wp-json\/wp\/v2\/product_cat?post=20083"},{"taxonomy":"product_tag","embeddable":true,"href":"https:\/\/eam-scientific.com\/de\/wp-json\/wp\/v2\/product_tag?post=20083"}],"curies":[{"name":"wp","href":"https:\/\/api.w.org\/{rel}","templated":true}]}}