{"id":20084,"date":"2024-07-07T22:14:24","date_gmt":"2024-07-07T20:14:24","guid":{"rendered":"https:\/\/eam-scientific.com\/?post_type=product&#038;p=20084"},"modified":"2024-07-07T22:15:03","modified_gmt":"2024-07-07T20:15:03","slug":"derivatisierungsreagenz-fuer-gc-silylierung-mstfa","status":"publish","type":"product","link":"https:\/\/eam-scientific.com\/de\/produkt\/derivatisierungsreagenz-fuer-gc-silylierung-mstfa\/","title":{"rendered":"Derivatisierungsreagenz f\u00fcr GC, Silylierung, MSTFA"},"content":{"rendered":"<p>Das fl\u00fcchtigste aller Trimethylsilylamide. MSTFA ist ein sehr starker TMS-Donor, der selbst bei tagelangen Mess-Serien die Brennkammer des FID nicht merklich verschmutzt. Die bereits guten L\u00f6sungseigenschaften k\u00f6nnen durch Zugabe von submolaren Mengen protischer L\u00f6semittel (z.B. TFA f\u00fcr extrem polare Verbindungen wie Hydrochloride) oder Pyridin (z.B. f\u00fcr Kohlenhydrate) verbessert werden. Vorteile von MSTFA sind eine vollst\u00e4ndige Reaktion mit hohen Reaktionsgeschwindigkeiten, auch ohne Katalysator (1-2 % TMCS oder TSIM) und das Nebenprodukt der Reaktion (N-Methyltrifluoracetamid) zeichnet sich durch gro\u00dfe Fl\u00fcchtigkeit und kurze Retentionszeiten aus. Diese Produkte enthalten kennzeichnungspflichtige Gefahrstoffe. F\u00fcr detaillierte Informationen bitte das Sicherheitsdatenblatt beachten.<\/p>\n","protected":false},"excerpt":{"rendered":"<p>Das fl\u00fcchtigste aller Trimethylsilylamide. MSTFA ist ein sehr starker TMS-Donor, der selbst bei tagelangen Mess-Serien die Brennkammer des FID nicht merklich verschmutzt. Die bereits guten L\u00f6sungseigenschaften k\u00f6nnen durch Zugabe von submolaren Mengen protischer L\u00f6semittel (z.B. TFA f\u00fcr extrem polare Verbindungen wie Hydrochloride) oder Pyridin (z.B. f\u00fcr Kohlenhydrate) verbessert werden. Vorteile von MSTFA sind eine vollst\u00e4ndige [&hellip;]<\/p>\n","protected":false},"featured_media":20145,"comment_status":"open","ping_status":"closed","template":"","meta":[],"product_cat":[25,149,146],"product_tag":[],"class_list":{"0":"post-20084","1":"product","2":"type-product","3":"status-publish","4":"has-post-thumbnail","6":"product_cat-chromatographie","7":"product_cat-derivatisierungsmittel-fuer-die-gc","8":"product_cat-gaschromatographie-gc","10":"first","11":"instock","12":"shipping-taxable","13":"product-type-simple"},"_links":{"self":[{"href":"https:\/\/eam-scientific.com\/de\/wp-json\/wp\/v2\/product\/20084","targetHints":{"allow":["GET"]}}],"collection":[{"href":"https:\/\/eam-scientific.com\/de\/wp-json\/wp\/v2\/product"}],"about":[{"href":"https:\/\/eam-scientific.com\/de\/wp-json\/wp\/v2\/types\/product"}],"replies":[{"embeddable":true,"href":"https:\/\/eam-scientific.com\/de\/wp-json\/wp\/v2\/comments?post=20084"}],"wp:featuredmedia":[{"embeddable":true,"href":"https:\/\/eam-scientific.com\/de\/wp-json\/wp\/v2\/media\/20145"}],"wp:attachment":[{"href":"https:\/\/eam-scientific.com\/de\/wp-json\/wp\/v2\/media?parent=20084"}],"wp:term":[{"taxonomy":"product_cat","embeddable":true,"href":"https:\/\/eam-scientific.com\/de\/wp-json\/wp\/v2\/product_cat?post=20084"},{"taxonomy":"product_tag","embeddable":true,"href":"https:\/\/eam-scientific.com\/de\/wp-json\/wp\/v2\/product_tag?post=20084"}],"curies":[{"name":"wp","href":"https:\/\/api.w.org\/{rel}","templated":true}]}}