{"id":20151,"date":"2024-07-07T22:15:05","date_gmt":"2024-07-07T20:15:05","guid":{"rendered":"https:\/\/eam-scientific.com\/?post_type=product&#038;p=20151"},"modified":"2024-07-07T22:15:08","modified_gmt":"2024-07-07T20:15:08","slug":"universal-glasverbinder-y-splitter","status":"publish","type":"product","link":"https:\/\/eam-scientific.com\/de\/produkt\/universal-glasverbinder-y-splitter\/","title":{"rendered":"Universal Glasverbinder (Y-Splitter)"},"content":{"rendered":"<p>Glasverbinder f\u00fcr Fused Silica Kapillars\u00e4ulen von 0,2 bis 0,53 mm ID hergestellt aus desaktiviertem Glas mit leicht verj\u00fcngtem Innendurchmesser. Erlauben die Verbindung von Fused Silica Kapillaren gleichen oder verschiedenen Durchmessers. Vorteile gegen\u00fcber Edelstahlverschraubungen sind der geringe Aufwand bei der Montage ohne Werkzeuge, die optische Kontrolle bei der Herstellung der Verbindung, vernachl\u00e4ssigbare W\u00e4rmekapazit\u00e4t und kein Totvolumen.<\/p>\n","protected":false},"excerpt":{"rendered":"<p>Glasverbinder f\u00fcr Fused Silica Kapillars\u00e4ulen von 0,2 bis 0,53 mm ID hergestellt aus desaktiviertem Glas mit leicht verj\u00fcngtem Innendurchmesser. Erlauben die Verbindung von Fused Silica Kapillaren gleichen oder verschiedenen Durchmessers. Vorteile gegen\u00fcber Edelstahlverschraubungen sind der geringe Aufwand bei der Montage ohne Werkzeuge, die optische Kontrolle bei der Herstellung der Verbindung, vernachl\u00e4ssigbare W\u00e4rmekapazit\u00e4t und kein Totvolumen.<\/p>\n","protected":false},"featured_media":20173,"comment_status":"open","ping_status":"closed","template":"","meta":[],"product_cat":[25,146,150],"product_tag":[],"class_list":{"0":"post-20151","1":"product","2":"type-product","3":"status-publish","4":"has-post-thumbnail","6":"product_cat-chromatographie","7":"product_cat-gaschromatographie-gc","8":"product_cat-gc-zubehoer","10":"first","11":"instock","12":"shipping-taxable","13":"product-type-simple"},"_links":{"self":[{"href":"https:\/\/eam-scientific.com\/de\/wp-json\/wp\/v2\/product\/20151","targetHints":{"allow":["GET"]}}],"collection":[{"href":"https:\/\/eam-scientific.com\/de\/wp-json\/wp\/v2\/product"}],"about":[{"href":"https:\/\/eam-scientific.com\/de\/wp-json\/wp\/v2\/types\/product"}],"replies":[{"embeddable":true,"href":"https:\/\/eam-scientific.com\/de\/wp-json\/wp\/v2\/comments?post=20151"}],"wp:featuredmedia":[{"embeddable":true,"href":"https:\/\/eam-scientific.com\/de\/wp-json\/wp\/v2\/media\/20173"}],"wp:attachment":[{"href":"https:\/\/eam-scientific.com\/de\/wp-json\/wp\/v2\/media?parent=20151"}],"wp:term":[{"taxonomy":"product_cat","embeddable":true,"href":"https:\/\/eam-scientific.com\/de\/wp-json\/wp\/v2\/product_cat?post=20151"},{"taxonomy":"product_tag","embeddable":true,"href":"https:\/\/eam-scientific.com\/de\/wp-json\/wp\/v2\/product_tag?post=20151"}],"curies":[{"name":"wp","href":"https:\/\/api.w.org\/{rel}","templated":true}]}}