{"id":20154,"date":"2024-07-07T22:15:05","date_gmt":"2024-07-07T20:15:05","guid":{"rendered":"https:\/\/eam-scientific.com\/?post_type=product&#038;p=20154"},"modified":"2024-07-07T22:15:11","modified_gmt":"2024-07-07T20:15:11","slug":"ptfe-gewindeband-rolle-12-m-breite-12-mm-staerke-01-mm","status":"publish","type":"product","link":"https:\/\/eam-scientific.com\/de\/produkt\/ptfe-gewindeband-rolle-12-m-breite-12-mm-staerke-01-mm\/","title":{"rendered":"PTFE-Gewindeband, Rolle, 12 m, Breite 12 mm, St\u00e4rke 0,1 mm"},"content":{"rendered":"<p>PTFE-Band, Rolle, 12 m, 12 mm St\u00e4rke als GC-Zubeh\u00f6r. Wird z.B. Abdichten verwendet.<\/p>\n","protected":false},"excerpt":{"rendered":"<p>PTFE-Band, Rolle, 12 m, 12 mm St\u00e4rke als GC-Zubeh\u00f6r. Wird z.B. Abdichten verwendet.<\/p>\n","protected":false},"featured_media":20182,"comment_status":"open","ping_status":"closed","template":"","meta":[],"product_cat":[25,146,150],"product_tag":[],"class_list":{"0":"post-20154","1":"product","2":"type-product","3":"status-publish","4":"has-post-thumbnail","6":"product_cat-chromatographie","7":"product_cat-gaschromatographie-gc","8":"product_cat-gc-zubehoer","10":"first","11":"instock","12":"shipping-taxable","13":"product-type-simple"},"_links":{"self":[{"href":"https:\/\/eam-scientific.com\/de\/wp-json\/wp\/v2\/product\/20154","targetHints":{"allow":["GET"]}}],"collection":[{"href":"https:\/\/eam-scientific.com\/de\/wp-json\/wp\/v2\/product"}],"about":[{"href":"https:\/\/eam-scientific.com\/de\/wp-json\/wp\/v2\/types\/product"}],"replies":[{"embeddable":true,"href":"https:\/\/eam-scientific.com\/de\/wp-json\/wp\/v2\/comments?post=20154"}],"wp:featuredmedia":[{"embeddable":true,"href":"https:\/\/eam-scientific.com\/de\/wp-json\/wp\/v2\/media\/20182"}],"wp:attachment":[{"href":"https:\/\/eam-scientific.com\/de\/wp-json\/wp\/v2\/media?parent=20154"}],"wp:term":[{"taxonomy":"product_cat","embeddable":true,"href":"https:\/\/eam-scientific.com\/de\/wp-json\/wp\/v2\/product_cat?post=20154"},{"taxonomy":"product_tag","embeddable":true,"href":"https:\/\/eam-scientific.com\/de\/wp-json\/wp\/v2\/product_tag?post=20154"}],"curies":[{"name":"wp","href":"https:\/\/api.w.org\/{rel}","templated":true}]}}