{"id":20155,"date":"2024-07-07T22:15:05","date_gmt":"2024-07-07T20:15:05","guid":{"rendered":"https:\/\/eam-scientific.com\/?post_type=product&#038;p=20155"},"modified":"2024-07-07T22:15:14","modified_gmt":"2024-07-07T20:15:14","slug":"lupe-mit-messskala-vergroesserung-8x","status":"publish","type":"product","link":"https:\/\/eam-scientific.com\/de\/produkt\/lupe-mit-messskala-vergroesserung-8x\/","title":{"rendered":"Lupe mit Messskala, Vergr\u00f6\u00dferung 8x"},"content":{"rendered":"<p>Bei der GC ist es wichtig, die Schnittkanten der Kapillars\u00e4ule zu \u00fcberpr\u00fcfen. Beim Schlie\u00dfen durch Verschmelzen der S\u00e4ulenenden kann mit der Lupe \u00fcberpr\u00fcft werden, ob die S\u00e4ule wirklich geschlossen ist oder ob sich im abgedichteten Ende ein feiner offener Kanal gebildet hat. Diese Lupe bietet eine 8-fache Vergr\u00f6\u00dferung und wird mit einer Skala (1\/10 mm Teilstriche) geliefert.<\/p>\n","protected":false},"excerpt":{"rendered":"<p>Bei der GC ist es wichtig, die Schnittkanten der Kapillars\u00e4ule zu \u00fcberpr\u00fcfen. Beim Schlie\u00dfen durch Verschmelzen der S\u00e4ulenenden kann mit der Lupe \u00fcberpr\u00fcft werden, ob die S\u00e4ule wirklich geschlossen ist oder ob sich im abgedichteten Ende ein feiner offener Kanal gebildet hat. Diese Lupe bietet eine 8-fache Vergr\u00f6\u00dferung und wird mit einer Skala (1\/10 mm [&hellip;]<\/p>\n","protected":false},"featured_media":20185,"comment_status":"open","ping_status":"closed","template":"","meta":[],"product_cat":[25,146,150],"product_tag":[],"class_list":{"0":"post-20155","1":"product","2":"type-product","3":"status-publish","4":"has-post-thumbnail","6":"product_cat-chromatographie","7":"product_cat-gaschromatographie-gc","8":"product_cat-gc-zubehoer","10":"first","11":"instock","12":"shipping-taxable","13":"product-type-simple"},"_links":{"self":[{"href":"https:\/\/eam-scientific.com\/de\/wp-json\/wp\/v2\/product\/20155","targetHints":{"allow":["GET"]}}],"collection":[{"href":"https:\/\/eam-scientific.com\/de\/wp-json\/wp\/v2\/product"}],"about":[{"href":"https:\/\/eam-scientific.com\/de\/wp-json\/wp\/v2\/types\/product"}],"replies":[{"embeddable":true,"href":"https:\/\/eam-scientific.com\/de\/wp-json\/wp\/v2\/comments?post=20155"}],"wp:featuredmedia":[{"embeddable":true,"href":"https:\/\/eam-scientific.com\/de\/wp-json\/wp\/v2\/media\/20185"}],"wp:attachment":[{"href":"https:\/\/eam-scientific.com\/de\/wp-json\/wp\/v2\/media?parent=20155"}],"wp:term":[{"taxonomy":"product_cat","embeddable":true,"href":"https:\/\/eam-scientific.com\/de\/wp-json\/wp\/v2\/product_cat?post=20155"},{"taxonomy":"product_tag","embeddable":true,"href":"https:\/\/eam-scientific.com\/de\/wp-json\/wp\/v2\/product_tag?post=20155"}],"curies":[{"name":"wp","href":"https:\/\/api.w.org\/{rel}","templated":true}]}}