{"id":20158,"date":"2024-07-07T22:15:05","date_gmt":"2024-07-07T20:15:05","guid":{"rendered":"https:\/\/eam-scientific.com\/?post_type=product&#038;p=20158"},"modified":"2024-07-07T22:15:19","modified_gmt":"2024-07-07T20:15:19","slug":"ferrules-graphit-mit-anschluss-hp-geraete-bohrung-05-mm","status":"publish","type":"product","link":"https:\/\/eam-scientific.com\/de\/produkt\/ferrules-graphit-mit-anschluss-hp-geraete-bohrung-05-mm\/","title":{"rendered":"Ferrules, Graphit mit Anschluss HP-Ger\u00e4te, Bohrung 0,5 mm"},"content":{"rendered":"<p>Graphitferrules bieten h\u00f6chste Temperaturbest\u00e4ndigkeit (bis 450 \u00b0C). Sie sind bei sorgf\u00e4ltiger Handhabung wiederverwendbar. Speziell entwickelt f\u00fcr Agilent (HP) Gaschromatographen.<\/p>\n","protected":false},"excerpt":{"rendered":"<p>Graphitferrules bieten h\u00f6chste Temperaturbest\u00e4ndigkeit (bis 450 \u00b0C). Sie sind bei sorgf\u00e4ltiger Handhabung wiederverwendbar. Speziell entwickelt f\u00fcr Agilent (HP) Gaschromatographen.<\/p>\n","protected":false},"featured_media":20194,"comment_status":"open","ping_status":"closed","template":"","meta":[],"product_cat":[25,146,150],"product_tag":[],"class_list":{"0":"post-20158","1":"product","2":"type-product","3":"status-publish","4":"has-post-thumbnail","6":"product_cat-chromatographie","7":"product_cat-gaschromatographie-gc","8":"product_cat-gc-zubehoer","10":"first","11":"instock","12":"shipping-taxable","13":"product-type-simple"},"_links":{"self":[{"href":"https:\/\/eam-scientific.com\/de\/wp-json\/wp\/v2\/product\/20158","targetHints":{"allow":["GET"]}}],"collection":[{"href":"https:\/\/eam-scientific.com\/de\/wp-json\/wp\/v2\/product"}],"about":[{"href":"https:\/\/eam-scientific.com\/de\/wp-json\/wp\/v2\/types\/product"}],"replies":[{"embeddable":true,"href":"https:\/\/eam-scientific.com\/de\/wp-json\/wp\/v2\/comments?post=20158"}],"wp:featuredmedia":[{"embeddable":true,"href":"https:\/\/eam-scientific.com\/de\/wp-json\/wp\/v2\/media\/20194"}],"wp:attachment":[{"href":"https:\/\/eam-scientific.com\/de\/wp-json\/wp\/v2\/media?parent=20158"}],"wp:term":[{"taxonomy":"product_cat","embeddable":true,"href":"https:\/\/eam-scientific.com\/de\/wp-json\/wp\/v2\/product_cat?post=20158"},{"taxonomy":"product_tag","embeddable":true,"href":"https:\/\/eam-scientific.com\/de\/wp-json\/wp\/v2\/product_tag?post=20158"}],"curies":[{"name":"wp","href":"https:\/\/api.w.org\/{rel}","templated":true}]}}