{"id":20161,"date":"2024-07-07T22:15:05","date_gmt":"2024-07-07T20:15:05","guid":{"rendered":"https:\/\/eam-scientific.com\/?post_type=product&#038;p=20161"},"modified":"2024-07-07T22:15:23","modified_gmt":"2024-07-07T20:15:23","slug":"gc-testmischung-aktivitaet-fa-tms-test-nach-donike-1-ml","status":"publish","type":"product","link":"https:\/\/eam-scientific.com\/de\/produkt\/gc-testmischung-aktivitaet-fa-tms-test-nach-donike-1-ml\/","title":{"rendered":"GC Testmischung Aktivit\u00e4t (FA-TMS-Test nach Donike), 1 mL"},"content":{"rendered":"<p>GC-Testmischung &#8222;Aktivit\u00e4t&#8220; (FA-TMS-Test nach Donike) zur \u00dcberpr\u00fcfung der Leistung und Kontrolle der Funktionsweise von Fused Silica Kapillars\u00e4ulen sowie des GC-Systems. Beinhaltet je 1 mg\/mL:TMS-Caprins\u00e4ure (C10), TMS-Myristins\u00e4ure (C14), TMS-Stearins\u00e4ure (C18), TMS-Behens\u00e4ure (C22), Hexadecan (C16), Eicosan (C20), Tetracosan (C24), Octacosan (C28). Dieses Produkt enth\u00e4lt kennzeichnungspflichtige Gefahrstoffe. F\u00fcr detaillierte Informationen bitte das Sicherheitsdatenblatt beachten.<\/p>\n","protected":false},"excerpt":{"rendered":"<p>GC-Testmischung &#8222;Aktivit\u00e4t&#8220; (FA-TMS-Test nach Donike) zur \u00dcberpr\u00fcfung der Leistung und Kontrolle der Funktionsweise von Fused Silica Kapillars\u00e4ulen sowie des GC-Systems. Beinhaltet je 1 mg\/mL:TMS-Caprins\u00e4ure (C10), TMS-Myristins\u00e4ure (C14), TMS-Stearins\u00e4ure (C18), TMS-Behens\u00e4ure (C22), Hexadecan (C16), Eicosan (C20), Tetracosan (C24), Octacosan (C28). Dieses Produkt enth\u00e4lt kennzeichnungspflichtige Gefahrstoffe. F\u00fcr detaillierte Informationen bitte das Sicherheitsdatenblatt beachten.<\/p>\n","protected":false},"featured_media":20203,"comment_status":"open","ping_status":"closed","template":"","meta":[],"product_cat":[25,146,150],"product_tag":[],"class_list":{"0":"post-20161","1":"product","2":"type-product","3":"status-publish","4":"has-post-thumbnail","6":"product_cat-chromatographie","7":"product_cat-gaschromatographie-gc","8":"product_cat-gc-zubehoer","10":"first","11":"instock","12":"shipping-taxable","13":"product-type-simple"},"_links":{"self":[{"href":"https:\/\/eam-scientific.com\/de\/wp-json\/wp\/v2\/product\/20161","targetHints":{"allow":["GET"]}}],"collection":[{"href":"https:\/\/eam-scientific.com\/de\/wp-json\/wp\/v2\/product"}],"about":[{"href":"https:\/\/eam-scientific.com\/de\/wp-json\/wp\/v2\/types\/product"}],"replies":[{"embeddable":true,"href":"https:\/\/eam-scientific.com\/de\/wp-json\/wp\/v2\/comments?post=20161"}],"wp:featuredmedia":[{"embeddable":true,"href":"https:\/\/eam-scientific.com\/de\/wp-json\/wp\/v2\/media\/20203"}],"wp:attachment":[{"href":"https:\/\/eam-scientific.com\/de\/wp-json\/wp\/v2\/media?parent=20161"}],"wp:term":[{"taxonomy":"product_cat","embeddable":true,"href":"https:\/\/eam-scientific.com\/de\/wp-json\/wp\/v2\/product_cat?post=20161"},{"taxonomy":"product_tag","embeddable":true,"href":"https:\/\/eam-scientific.com\/de\/wp-json\/wp\/v2\/product_tag?post=20161"}],"curies":[{"name":"wp","href":"https:\/\/api.w.org\/{rel}","templated":true}]}}