{"id":20162,"date":"2024-07-07T22:15:05","date_gmt":"2024-07-07T20:15:05","guid":{"rendered":"https:\/\/eam-scientific.com\/?post_type=product&#038;p=20162"},"modified":"2024-07-07T22:15:24","modified_gmt":"2024-07-07T20:15:24","slug":"gc-testmischung-grobtest-modifiziert-1-ml","status":"publish","type":"product","link":"https:\/\/eam-scientific.com\/de\/produkt\/gc-testmischung-grobtest-modifiziert-1-ml\/","title":{"rendered":"GC Testmischung Grobtest, modifiziert, 1 mL"},"content":{"rendered":"<p>GC-Testmischung &#8222;Grob Test&#8220; zur \u00dcberpr\u00fcfung der Leistung und Kontrolle der Funktionsweise von Fused Silica Kapillars\u00e4ulen sowie des GC-Systems. Beinhaltet (in mg\/mL):n-Decan (~ 2,8), n-Undecan (~ 2,9), n-Octanol (~ 3,6), 2,6\u2011Dimethylphenol (~ 3,2), 2,6-Dimethylanilin (~ 3,2), Decans\u00e4uremethylester (~ 4,2), Dicyclohexylamin (~ 3,1), Undecans\u00e4uremethylester (~ 4,2), Dodecans\u00e4uremethylester (~ 4,1)Dieses Produkt enth\u00e4lt kennzeichnungspflichtige Gefahrstoffe. F\u00fcr detaillierte Informationen bitte das Sicherheitsdatenblatt beachten.<\/p>\n","protected":false},"excerpt":{"rendered":"<p>GC-Testmischung &#8222;Grob Test&#8220; zur \u00dcberpr\u00fcfung der Leistung und Kontrolle der Funktionsweise von Fused Silica Kapillars\u00e4ulen sowie des GC-Systems. Beinhaltet (in mg\/mL):n-Decan (~ 2,8), n-Undecan (~ 2,9), n-Octanol (~ 3,6), 2,6\u2011Dimethylphenol (~ 3,2), 2,6-Dimethylanilin (~ 3,2), Decans\u00e4uremethylester (~ 4,2), Dicyclohexylamin (~ 3,1), Undecans\u00e4uremethylester (~ 4,2), Dodecans\u00e4uremethylester (~ 4,1)Dieses Produkt enth\u00e4lt kennzeichnungspflichtige Gefahrstoffe. F\u00fcr detaillierte Informationen bitte [&hellip;]<\/p>\n","protected":false},"featured_media":20206,"comment_status":"open","ping_status":"closed","template":"","meta":[],"product_cat":[25,146,150],"product_tag":[],"class_list":{"0":"post-20162","1":"product","2":"type-product","3":"status-publish","4":"has-post-thumbnail","6":"product_cat-chromatographie","7":"product_cat-gaschromatographie-gc","8":"product_cat-gc-zubehoer","10":"first","11":"instock","12":"shipping-taxable","13":"product-type-simple"},"_links":{"self":[{"href":"https:\/\/eam-scientific.com\/de\/wp-json\/wp\/v2\/product\/20162","targetHints":{"allow":["GET"]}}],"collection":[{"href":"https:\/\/eam-scientific.com\/de\/wp-json\/wp\/v2\/product"}],"about":[{"href":"https:\/\/eam-scientific.com\/de\/wp-json\/wp\/v2\/types\/product"}],"replies":[{"embeddable":true,"href":"https:\/\/eam-scientific.com\/de\/wp-json\/wp\/v2\/comments?post=20162"}],"wp:featuredmedia":[{"embeddable":true,"href":"https:\/\/eam-scientific.com\/de\/wp-json\/wp\/v2\/media\/20206"}],"wp:attachment":[{"href":"https:\/\/eam-scientific.com\/de\/wp-json\/wp\/v2\/media?parent=20162"}],"wp:term":[{"taxonomy":"product_cat","embeddable":true,"href":"https:\/\/eam-scientific.com\/de\/wp-json\/wp\/v2\/product_cat?post=20162"},{"taxonomy":"product_tag","embeddable":true,"href":"https:\/\/eam-scientific.com\/de\/wp-json\/wp\/v2\/product_tag?post=20162"}],"curies":[{"name":"wp","href":"https:\/\/api.w.org\/{rel}","templated":true}]}}