{"id":20163,"date":"2024-07-07T22:15:05","date_gmt":"2024-07-07T20:15:05","guid":{"rendered":"https:\/\/eam-scientific.com\/?post_type=product&#038;p=20163"},"modified":"2024-07-07T22:15:25","modified_gmt":"2024-07-07T20:15:25","slug":"gc-testmischung-haloform-1-ml-in-n-pentan","status":"publish","type":"product","link":"https:\/\/eam-scientific.com\/de\/produkt\/gc-testmischung-haloform-1-ml-in-n-pentan\/","title":{"rendered":"GC Testmischung Haloform, 1 mL, in n-Pentan"},"content":{"rendered":"<p>GC-Testmischung &#8222;Haloform&#8220; zur \u00dcberpr\u00fcfung der Leistung und Kontrolle der Funktionsweise von Fused Silica Kapillars\u00e4ulen sowie des GC-Systems. Beinhaltet: 9 Halogenkohlenwasserstoffe gem\u00e4\u00df Trinkwasserverordnung (in ng\/mL) &#8211; Dichlormethan (795), Trichlormethan (75), 1,1,1-Trichlorethan (67), Tetrachlormethan (80), Trichlorethen (73), Bromdichlormethan (100), Dibromchlormethan (122), Tetrachlorethen (81), Tribrommethan (145). Dieses Produkt enth\u00e4lt kennzeichnungspflichtige Gefahrstoffe. F\u00fcr detaillierte Informationen bitte das Sicherheitsdatenblatt beachten.<\/p>\n","protected":false},"excerpt":{"rendered":"<p>GC-Testmischung &#8222;Haloform&#8220; zur \u00dcberpr\u00fcfung der Leistung und Kontrolle der Funktionsweise von Fused Silica Kapillars\u00e4ulen sowie des GC-Systems. Beinhaltet: 9 Halogenkohlenwasserstoffe gem\u00e4\u00df Trinkwasserverordnung (in ng\/mL) &#8211; Dichlormethan (795), Trichlormethan (75), 1,1,1-Trichlorethan (67), Tetrachlormethan (80), Trichlorethen (73), Bromdichlormethan (100), Dibromchlormethan (122), Tetrachlorethen (81), Tribrommethan (145). Dieses Produkt enth\u00e4lt kennzeichnungspflichtige Gefahrstoffe. F\u00fcr detaillierte Informationen bitte das Sicherheitsdatenblatt beachten.<\/p>\n","protected":false},"featured_media":20209,"comment_status":"open","ping_status":"closed","template":"","meta":[],"product_cat":[25,146,150],"product_tag":[],"class_list":{"0":"post-20163","1":"product","2":"type-product","3":"status-publish","4":"has-post-thumbnail","6":"product_cat-chromatographie","7":"product_cat-gaschromatographie-gc","8":"product_cat-gc-zubehoer","10":"first","11":"instock","12":"shipping-taxable","13":"product-type-simple"},"_links":{"self":[{"href":"https:\/\/eam-scientific.com\/de\/wp-json\/wp\/v2\/product\/20163","targetHints":{"allow":["GET"]}}],"collection":[{"href":"https:\/\/eam-scientific.com\/de\/wp-json\/wp\/v2\/product"}],"about":[{"href":"https:\/\/eam-scientific.com\/de\/wp-json\/wp\/v2\/types\/product"}],"replies":[{"embeddable":true,"href":"https:\/\/eam-scientific.com\/de\/wp-json\/wp\/v2\/comments?post=20163"}],"wp:featuredmedia":[{"embeddable":true,"href":"https:\/\/eam-scientific.com\/de\/wp-json\/wp\/v2\/media\/20209"}],"wp:attachment":[{"href":"https:\/\/eam-scientific.com\/de\/wp-json\/wp\/v2\/media?parent=20163"}],"wp:term":[{"taxonomy":"product_cat","embeddable":true,"href":"https:\/\/eam-scientific.com\/de\/wp-json\/wp\/v2\/product_cat?post=20163"},{"taxonomy":"product_tag","embeddable":true,"href":"https:\/\/eam-scientific.com\/de\/wp-json\/wp\/v2\/product_tag?post=20163"}],"curies":[{"name":"wp","href":"https:\/\/api.w.org\/{rel}","templated":true}]}}