{"id":20215,"date":"2024-07-07T22:15:26","date_gmt":"2024-07-07T20:15:26","guid":{"rendered":"https:\/\/eam-scientific.com\/?post_type=product&#038;p=20215"},"modified":"2024-07-07T22:15:30","modified_gmt":"2024-07-07T20:15:30","slug":"gc-testmischung-haloform-hs-1-ml-in-methanol","status":"publish","type":"product","link":"https:\/\/eam-scientific.com\/de\/produkt\/gc-testmischung-haloform-hs-1-ml-in-methanol\/","title":{"rendered":"GC Testmischung Haloform, HS, 1 mL, in Methanol"},"content":{"rendered":"<p>GC-Testmischung &#8222;Haloform&#8220; (Headspace Anwendungen)zur \u00dcberpr\u00fcfung der Leistung und Kontrolle der Funktionsweise von Fused Silica Kapillars\u00e4ulen sowie des GC-Systems. Beinhaltet:9 Halogenkohlenwasserstoffe in erh\u00f6hter Konzentration zur Kalibrierung \u00fcber das Gesamtverfahren nach DIN 38407, Teil 5 (in \u00b5g\/mL) &#8211; Dichlormethan (158,4), Trichlormethan (14,9), 1,1,1-Trichlorethan (13,4), Tetrachlormethan (15,9), Trichlorethen (14,6), Bromdichlormethan (20), Dibromchlormethan (24,5), Tetrachlorethen (16,2), Tribrommethan (28,9). Dieses Produkt enth\u00e4lt kennzeichnungspflichtige Gefahrstoffe. F\u00fcr detaillierte Informationen bitte das Sicherheitsdatenblatt beachten.<\/p>\n","protected":false},"excerpt":{"rendered":"<p>GC-Testmischung &#8222;Haloform&#8220; (Headspace Anwendungen)zur \u00dcberpr\u00fcfung der Leistung und Kontrolle der Funktionsweise von Fused Silica Kapillars\u00e4ulen sowie des GC-Systems. Beinhaltet:9 Halogenkohlenwasserstoffe in erh\u00f6hter Konzentration zur Kalibrierung \u00fcber das Gesamtverfahren nach DIN 38407, Teil 5 (in \u00b5g\/mL) &#8211; Dichlormethan (158,4), Trichlormethan (14,9), 1,1,1-Trichlorethan (13,4), Tetrachlormethan (15,9), Trichlorethen (14,6), Bromdichlormethan (20), Dibromchlormethan (24,5), Tetrachlorethen (16,2), Tribrommethan (28,9). Dieses [&hellip;]<\/p>\n","protected":false},"featured_media":20237,"comment_status":"open","ping_status":"closed","template":"","meta":[],"product_cat":[25,146,150],"product_tag":[],"class_list":{"0":"post-20215","1":"product","2":"type-product","3":"status-publish","4":"has-post-thumbnail","6":"product_cat-chromatographie","7":"product_cat-gaschromatographie-gc","8":"product_cat-gc-zubehoer","10":"first","11":"instock","12":"shipping-taxable","13":"product-type-simple"},"_links":{"self":[{"href":"https:\/\/eam-scientific.com\/de\/wp-json\/wp\/v2\/product\/20215","targetHints":{"allow":["GET"]}}],"collection":[{"href":"https:\/\/eam-scientific.com\/de\/wp-json\/wp\/v2\/product"}],"about":[{"href":"https:\/\/eam-scientific.com\/de\/wp-json\/wp\/v2\/types\/product"}],"replies":[{"embeddable":true,"href":"https:\/\/eam-scientific.com\/de\/wp-json\/wp\/v2\/comments?post=20215"}],"wp:featuredmedia":[{"embeddable":true,"href":"https:\/\/eam-scientific.com\/de\/wp-json\/wp\/v2\/media\/20237"}],"wp:attachment":[{"href":"https:\/\/eam-scientific.com\/de\/wp-json\/wp\/v2\/media?parent=20215"}],"wp:term":[{"taxonomy":"product_cat","embeddable":true,"href":"https:\/\/eam-scientific.com\/de\/wp-json\/wp\/v2\/product_cat?post=20215"},{"taxonomy":"product_tag","embeddable":true,"href":"https:\/\/eam-scientific.com\/de\/wp-json\/wp\/v2\/product_tag?post=20215"}],"curies":[{"name":"wp","href":"https:\/\/api.w.org\/{rel}","templated":true}]}}