{"id":20334,"date":"2024-07-07T22:16:08","date_gmt":"2024-07-07T20:16:08","guid":{"rendered":"https:\/\/eam-scientific.com\/?post_type=product&#038;p=20334"},"modified":"2024-07-07T22:16:16","modified_gmt":"2024-07-07T20:16:16","slug":"gc-injection-port-septa-premium-ht-qualitaet-ag3-centerguide-11-mm","status":"publish","type":"product","link":"https:\/\/eam-scientific.com\/de\/produkt\/gc-injection-port-septa-premium-ht-qualitaet-ag3-centerguide-11-mm\/","title":{"rendered":"GC Injection Port Septa, Premium HT Qualit\u00e4t, AG3, CenterGuide, 11 mm"},"content":{"rendered":"<p>Premium-HT-Qualit\u00e4t Injection Port Septa mit CenterGuide f\u00fcr leichteres Penetrieren, reduzierte Gefahr von Nadelbiegung und niedrigerem Coring. Vorbereitet und gebrauchsfertig in Blisterverpackung f\u00fcr Sauberkeit und einfacher Handhabung. Wird zum Abdichten der Injektions\u00f6ffnung und zur Verbesserung der Injektion der Probe verwendet. BTO sind die blutungs\u00e4rmsten und temperaturoptimiertesten Septen f\u00fcr GC MS-Anwendungen.<\/p>\n","protected":false},"excerpt":{"rendered":"<p>Premium-HT-Qualit\u00e4t Injection Port Septa mit CenterGuide f\u00fcr leichteres Penetrieren, reduzierte Gefahr von Nadelbiegung und niedrigerem Coring. Vorbereitet und gebrauchsfertig in Blisterverpackung f\u00fcr Sauberkeit und einfacher Handhabung. Wird zum Abdichten der Injektions\u00f6ffnung und zur Verbesserung der Injektion der Probe verwendet. BTO sind die blutungs\u00e4rmsten und temperaturoptimiertesten Septen f\u00fcr GC MS-Anwendungen.<\/p>\n","protected":false},"featured_media":20353,"comment_status":"open","ping_status":"closed","template":"","meta":[],"product_cat":[25,146,150],"product_tag":[],"class_list":{"0":"post-20334","1":"product","2":"type-product","3":"status-publish","4":"has-post-thumbnail","6":"product_cat-chromatographie","7":"product_cat-gaschromatographie-gc","8":"product_cat-gc-zubehoer","10":"first","11":"instock","12":"shipping-taxable","13":"product-type-simple"},"_links":{"self":[{"href":"https:\/\/eam-scientific.com\/de\/wp-json\/wp\/v2\/product\/20334","targetHints":{"allow":["GET"]}}],"collection":[{"href":"https:\/\/eam-scientific.com\/de\/wp-json\/wp\/v2\/product"}],"about":[{"href":"https:\/\/eam-scientific.com\/de\/wp-json\/wp\/v2\/types\/product"}],"replies":[{"embeddable":true,"href":"https:\/\/eam-scientific.com\/de\/wp-json\/wp\/v2\/comments?post=20334"}],"wp:featuredmedia":[{"embeddable":true,"href":"https:\/\/eam-scientific.com\/de\/wp-json\/wp\/v2\/media\/20353"}],"wp:attachment":[{"href":"https:\/\/eam-scientific.com\/de\/wp-json\/wp\/v2\/media?parent=20334"}],"wp:term":[{"taxonomy":"product_cat","embeddable":true,"href":"https:\/\/eam-scientific.com\/de\/wp-json\/wp\/v2\/product_cat?post=20334"},{"taxonomy":"product_tag","embeddable":true,"href":"https:\/\/eam-scientific.com\/de\/wp-json\/wp\/v2\/product_tag?post=20334"}],"curies":[{"name":"wp","href":"https:\/\/api.w.org\/{rel}","templated":true}]}}