{"id":4006,"date":"2024-06-20T14:48:01","date_gmt":"2024-06-20T12:48:01","guid":{"rendered":"https:\/\/eam-scientific.com\/?post_type=product&#038;p=4006"},"modified":"2024-06-28T09:56:42","modified_gmt":"2024-06-28T07:56:42","slug":"spe-kartusche-chromafix-c8-m-08-ml","status":"publish","type":"product","link":"https:\/\/eam-scientific.com\/de\/produkt\/spe-kartusche-chromafix-c8-m-08-ml\/","title":{"rendered":"SPE Kartusche, CHROMAFIX C8, M (0,8 mL)"},"content":{"rendered":"<p>CHROMAFIX-Kartuschen sind PP-Kartuschen mit PE-Filterelementen. Drei verschiedene Gr\u00f6\u00dfen mit unterschiedlichen Sorbensmengen &#8211; Klein (0,4 mL), Mittel (0,8 mL), Gro\u00df (1,8 mL). Besonders geeignet f\u00fcr die elegante Festphasenextraktion kleiner Probenvolumina. Weiblicher Luer am Eingang, m\u00e4nnliche Luer-Spitze am Ausgang. Bietet eine alternative Art der Handhabung mit positiven Druck mittels Spritze oder Schlauchpumpe.<\/p>\n","protected":false},"excerpt":{"rendered":"<p>CHROMAFIX-Kartuschen sind PP-Kartuschen mit PE-Filterelementen. Drei verschiedene Gr\u00f6\u00dfen mit unterschiedlichen Sorbensmengen &#8211; Klein (0,4 mL), Mittel (0,8 mL), Gro\u00df (1,8 mL). Besonders geeignet f\u00fcr die elegante Festphasenextraktion kleiner Probenvolumina. Weiblicher Luer am Eingang, m\u00e4nnliche Luer-Spitze am Ausgang. Bietet eine alternative Art der Handhabung mit positiven Druck mittels Spritze oder Schlauchpumpe.<\/p>\n","protected":false},"featured_media":4035,"comment_status":"open","ping_status":"closed","template":"","meta":[],"product_cat":[25,26,27],"product_tag":[],"class_list":{"0":"post-4006","1":"product","2":"type-product","3":"status-publish","4":"has-post-thumbnail","6":"product_cat-chromatographie","7":"product_cat-festphasenextraktion-spe","8":"product_cat-spe-saeulen","10":"first","11":"instock","12":"shipping-taxable","13":"product-type-simple"},"_links":{"self":[{"href":"https:\/\/eam-scientific.com\/de\/wp-json\/wp\/v2\/product\/4006","targetHints":{"allow":["GET"]}}],"collection":[{"href":"https:\/\/eam-scientific.com\/de\/wp-json\/wp\/v2\/product"}],"about":[{"href":"https:\/\/eam-scientific.com\/de\/wp-json\/wp\/v2\/types\/product"}],"replies":[{"embeddable":true,"href":"https:\/\/eam-scientific.com\/de\/wp-json\/wp\/v2\/comments?post=4006"}],"wp:featuredmedia":[{"embeddable":true,"href":"https:\/\/eam-scientific.com\/de\/wp-json\/wp\/v2\/media\/4035"}],"wp:attachment":[{"href":"https:\/\/eam-scientific.com\/de\/wp-json\/wp\/v2\/media?parent=4006"}],"wp:term":[{"taxonomy":"product_cat","embeddable":true,"href":"https:\/\/eam-scientific.com\/de\/wp-json\/wp\/v2\/product_cat?post=4006"},{"taxonomy":"product_tag","embeddable":true,"href":"https:\/\/eam-scientific.com\/de\/wp-json\/wp\/v2\/product_tag?post=4006"}],"curies":[{"name":"wp","href":"https:\/\/api.w.org\/{rel}","templated":true}]}}