{"id":4080,"date":"2024-06-20T14:48:44","date_gmt":"2024-06-20T12:48:44","guid":{"rendered":"https:\/\/eam-scientific.com\/?post_type=product&#038;p=4080"},"modified":"2024-06-28T09:57:01","modified_gmt":"2024-06-28T07:57:01","slug":"spe-saeule-chromabond-sa-45-%c2%b5m-3-ml-200-mg","status":"publish","type":"product","link":"https:\/\/eam-scientific.com\/de\/produkt\/spe-saeule-chromabond-sa-45-%c2%b5m-3-ml-200-mg\/","title":{"rendered":"SPE S\u00e4ule, CHROMABOND SA, 45 \u00b5m, 3 mL\/200 mg"},"content":{"rendered":"<p>Kieselgel modifiziert mit Benzolsulfons\u00e4ure, stark saurer Kationenaustauscher (SCX). Kapazit\u00e4t ~ 0,5 meq\/g, Adsorbens mit hydrophoben und \u03c0-\u03c0-Wechselwirkungen (Benzolring), Ionenaustausch von organischen Verbindungen aus w\u00e4ssriger Matrix, Elution von gew\u00fcnschten Verbindungen mit L\u00f6semittelsystemen, die die ionischen und unpolaren Wechselwirkungen kompensieren, z.B. Methanol-HCl.<\/p>\n","protected":false},"excerpt":{"rendered":"<p>Kieselgel modifiziert mit Benzolsulfons\u00e4ure, stark saurer Kationenaustauscher (SCX). Kapazit\u00e4t ~ 0,5 meq\/g, Adsorbens mit hydrophoben und \u03c0-\u03c0-Wechselwirkungen (Benzolring), Ionenaustausch von organischen Verbindungen aus w\u00e4ssriger Matrix, Elution von gew\u00fcnschten Verbindungen mit L\u00f6semittelsystemen, die die ionischen und unpolaren Wechselwirkungen kompensieren, z.B. Methanol-HCl.<\/p>\n","protected":false},"featured_media":4118,"comment_status":"open","ping_status":"closed","template":"","meta":[],"product_cat":[25,26,27],"product_tag":[],"class_list":{"0":"post-4080","1":"product","2":"type-product","3":"status-publish","4":"has-post-thumbnail","6":"product_cat-chromatographie","7":"product_cat-festphasenextraktion-spe","8":"product_cat-spe-saeulen","10":"first","11":"instock","12":"shipping-taxable","13":"product-type-simple"},"_links":{"self":[{"href":"https:\/\/eam-scientific.com\/de\/wp-json\/wp\/v2\/product\/4080","targetHints":{"allow":["GET"]}}],"collection":[{"href":"https:\/\/eam-scientific.com\/de\/wp-json\/wp\/v2\/product"}],"about":[{"href":"https:\/\/eam-scientific.com\/de\/wp-json\/wp\/v2\/types\/product"}],"replies":[{"embeddable":true,"href":"https:\/\/eam-scientific.com\/de\/wp-json\/wp\/v2\/comments?post=4080"}],"wp:featuredmedia":[{"embeddable":true,"href":"https:\/\/eam-scientific.com\/de\/wp-json\/wp\/v2\/media\/4118"}],"wp:attachment":[{"href":"https:\/\/eam-scientific.com\/de\/wp-json\/wp\/v2\/media?parent=4080"}],"wp:term":[{"taxonomy":"product_cat","embeddable":true,"href":"https:\/\/eam-scientific.com\/de\/wp-json\/wp\/v2\/product_cat?post=4080"},{"taxonomy":"product_tag","embeddable":true,"href":"https:\/\/eam-scientific.com\/de\/wp-json\/wp\/v2\/product_tag?post=4080"}],"curies":[{"name":"wp","href":"https:\/\/api.w.org\/{rel}","templated":true}]}}