{"id":4138,"date":"2024-06-20T14:49:25","date_gmt":"2024-06-20T12:49:25","guid":{"rendered":"https:\/\/eam-scientific.com\/?post_type=product&#038;p=4138"},"modified":"2024-06-28T09:58:17","modified_gmt":"2024-06-28T07:58:17","slug":"spe-saeule-chromabond-nh2-c18-45-%c2%b5m-6-ml-500-1000-mg","status":"publish","type":"product","link":"https:\/\/eam-scientific.com\/de\/produkt\/spe-saeule-chromabond-nh2-c18-45-%c2%b5m-6-ml-500-1000-mg\/","title":{"rendered":"SPE S\u00e4ule, CHROMABOND NH2\/C18, 45 \u00b5m, 6 mL\/500\/1000 mg"},"content":{"rendered":"<p>Spezielle Kombinationsphase f\u00fcr die SPE-Analyse von PAHs (PAKs) in humins\u00e4urehaltigen Wasserproben. Aminopropyl (NH2) dient zur Abtrennung st\u00f6render Humins\u00e4uren und die Octadecyl-(C18)-phase zur Anreicherung der PAHs (PAKs).<\/p>\n","protected":false},"excerpt":{"rendered":"<p>Spezielle Kombinationsphase f\u00fcr die SPE-Analyse von PAHs (PAKs) in humins\u00e4urehaltigen Wasserproben. Aminopropyl (NH2) dient zur Abtrennung st\u00f6render Humins\u00e4uren und die Octadecyl-(C18)-phase zur Anreicherung der PAHs (PAKs).<\/p>\n","protected":false},"featured_media":4159,"comment_status":"open","ping_status":"closed","template":"","meta":[],"product_cat":[25,26,27],"product_tag":[],"class_list":{"0":"post-4138","1":"product","2":"type-product","3":"status-publish","4":"has-post-thumbnail","6":"product_cat-chromatographie","7":"product_cat-festphasenextraktion-spe","8":"product_cat-spe-saeulen","10":"first","11":"instock","12":"shipping-taxable","13":"product-type-simple"},"_links":{"self":[{"href":"https:\/\/eam-scientific.com\/de\/wp-json\/wp\/v2\/product\/4138","targetHints":{"allow":["GET"]}}],"collection":[{"href":"https:\/\/eam-scientific.com\/de\/wp-json\/wp\/v2\/product"}],"about":[{"href":"https:\/\/eam-scientific.com\/de\/wp-json\/wp\/v2\/types\/product"}],"replies":[{"embeddable":true,"href":"https:\/\/eam-scientific.com\/de\/wp-json\/wp\/v2\/comments?post=4138"}],"wp:featuredmedia":[{"embeddable":true,"href":"https:\/\/eam-scientific.com\/de\/wp-json\/wp\/v2\/media\/4159"}],"wp:attachment":[{"href":"https:\/\/eam-scientific.com\/de\/wp-json\/wp\/v2\/media?parent=4138"}],"wp:term":[{"taxonomy":"product_cat","embeddable":true,"href":"https:\/\/eam-scientific.com\/de\/wp-json\/wp\/v2\/product_cat?post=4138"},{"taxonomy":"product_tag","embeddable":true,"href":"https:\/\/eam-scientific.com\/de\/wp-json\/wp\/v2\/product_tag?post=4138"}],"curies":[{"name":"wp","href":"https:\/\/api.w.org\/{rel}","templated":true}]}}