{"id":4148,"date":"2024-06-20T14:49:26","date_gmt":"2024-06-20T12:49:26","guid":{"rendered":"https:\/\/eam-scientific.com\/?post_type=product&#038;p=4148"},"modified":"2024-06-28T09:59:15","modified_gmt":"2024-06-28T07:59:15","slug":"spe-saeule-chromabond-c8-45-%c2%b5m-3-ml-200-mg","status":"publish","type":"product","link":"https:\/\/eam-scientific.com\/de\/produkt\/spe-saeule-chromabond-c8-45-%c2%b5m-3-ml-200-mg\/","title":{"rendered":"SPE S\u00e4ule, CHROMABOND C8, 45 \u00b5m, 3 mL\/200 mg"},"content":{"rendered":"<p>Octylphase auf der Basis von Kieselgel, nicht endcapped \u00e4hnlich der C18-Phase. Sekund\u00e4re Wechselwirkungen mit polaren Verbindungen sind aufgrund k\u00fcrzerer Alkylketten ausgepr\u00e4gter.<\/p>\n","protected":false},"excerpt":{"rendered":"<p>Octylphase auf der Basis von Kieselgel, nicht endcapped \u00e4hnlich der C18-Phase. Sekund\u00e4re Wechselwirkungen mit polaren Verbindungen sind aufgrund k\u00fcrzerer Alkylketten ausgepr\u00e4gter.<\/p>\n","protected":false},"featured_media":4185,"comment_status":"open","ping_status":"closed","template":"","meta":[],"product_cat":[25,26,27],"product_tag":[],"class_list":{"0":"post-4148","1":"product","2":"type-product","3":"status-publish","4":"has-post-thumbnail","6":"product_cat-chromatographie","7":"product_cat-festphasenextraktion-spe","8":"product_cat-spe-saeulen","10":"first","11":"instock","12":"shipping-taxable","13":"product-type-simple"},"_links":{"self":[{"href":"https:\/\/eam-scientific.com\/de\/wp-json\/wp\/v2\/product\/4148","targetHints":{"allow":["GET"]}}],"collection":[{"href":"https:\/\/eam-scientific.com\/de\/wp-json\/wp\/v2\/product"}],"about":[{"href":"https:\/\/eam-scientific.com\/de\/wp-json\/wp\/v2\/types\/product"}],"replies":[{"embeddable":true,"href":"https:\/\/eam-scientific.com\/de\/wp-json\/wp\/v2\/comments?post=4148"}],"wp:featuredmedia":[{"embeddable":true,"href":"https:\/\/eam-scientific.com\/de\/wp-json\/wp\/v2\/media\/4185"}],"wp:attachment":[{"href":"https:\/\/eam-scientific.com\/de\/wp-json\/wp\/v2\/media?parent=4148"}],"wp:term":[{"taxonomy":"product_cat","embeddable":true,"href":"https:\/\/eam-scientific.com\/de\/wp-json\/wp\/v2\/product_cat?post=4148"},{"taxonomy":"product_tag","embeddable":true,"href":"https:\/\/eam-scientific.com\/de\/wp-json\/wp\/v2\/product_tag?post=4148"}],"curies":[{"name":"wp","href":"https:\/\/api.w.org\/{rel}","templated":true}]}}