{"id":4204,"date":"2024-06-20T14:50:08","date_gmt":"2024-06-20T12:50:08","guid":{"rendered":"https:\/\/eam-scientific.com\/?post_type=product&#038;p=4204"},"modified":"2024-06-28T10:00:00","modified_gmt":"2024-06-28T08:00:00","slug":"spe-saeule-chromabond-hr-xcw-85-%c2%b5m-3-ml-500-mg","status":"publish","type":"product","link":"https:\/\/eam-scientific.com\/de\/produkt\/spe-saeule-chromabond-hr-xcw-85-%c2%b5m-3-ml-500-mg\/","title":{"rendered":"SPE S\u00e4ule, CHROMABOND HR-XCW, 85 \u00b5m, 3 mL\/500 mg"},"content":{"rendered":"<p>Modernes sph\u00e4risches Polymer f\u00fcr h\u00f6chste Anspr\u00fcche in der Festphasenextraktion. PS\/DVB-Copolymer mit Carbons\u00e4ure-Modifizierung f\u00fcr Mixed-Mode SPE mit schwachem Kationenaustausch und RP-Eigenschaften (WCX). Austauschkapazit\u00e4t > 0,7 meq\/g, pKa ~ 5 und RP-Kapazit\u00e4t 350 mg\/g (Koffein in Wasser). Hochreines Material mit idealen Flie\u00dfeigenschaften und erm\u00f6glicht durch einen optimierten Produktionsprozess h\u00f6chste Reproduzierbarkeit bei extrem niedrigen Blindwerten. Hervorragende Wiederfindungsraten, insbesondere bei der Anreicherung von basischen (Starke Basen mit pKa > 10) Analyten.<\/p>\n","protected":false},"excerpt":{"rendered":"<p>Modernes sph\u00e4risches Polymer f\u00fcr h\u00f6chste Anspr\u00fcche in der Festphasenextraktion. PS\/DVB-Copolymer mit Carbons\u00e4ure-Modifizierung f\u00fcr Mixed-Mode SPE mit schwachem Kationenaustausch und RP-Eigenschaften (WCX). Austauschkapazit\u00e4t > 0,7 meq\/g, pKa ~ 5 und RP-Kapazit\u00e4t 350 mg\/g (Koffein in Wasser). Hochreines Material mit idealen Flie\u00dfeigenschaften und erm\u00f6glicht durch einen optimierten Produktionsprozess h\u00f6chste Reproduzierbarkeit bei extrem niedrigen Blindwerten. Hervorragende Wiederfindungsraten, insbesondere [&hellip;]<\/p>\n","protected":false},"featured_media":4222,"comment_status":"open","ping_status":"closed","template":"","meta":[],"product_cat":[25,26,27],"product_tag":[],"class_list":{"0":"post-4204","1":"product","2":"type-product","3":"status-publish","4":"has-post-thumbnail","6":"product_cat-chromatographie","7":"product_cat-festphasenextraktion-spe","8":"product_cat-spe-saeulen","10":"first","11":"instock","12":"shipping-taxable","13":"product-type-simple"},"_links":{"self":[{"href":"https:\/\/eam-scientific.com\/de\/wp-json\/wp\/v2\/product\/4204","targetHints":{"allow":["GET"]}}],"collection":[{"href":"https:\/\/eam-scientific.com\/de\/wp-json\/wp\/v2\/product"}],"about":[{"href":"https:\/\/eam-scientific.com\/de\/wp-json\/wp\/v2\/types\/product"}],"replies":[{"embeddable":true,"href":"https:\/\/eam-scientific.com\/de\/wp-json\/wp\/v2\/comments?post=4204"}],"wp:featuredmedia":[{"embeddable":true,"href":"https:\/\/eam-scientific.com\/de\/wp-json\/wp\/v2\/media\/4222"}],"wp:attachment":[{"href":"https:\/\/eam-scientific.com\/de\/wp-json\/wp\/v2\/media?parent=4204"}],"wp:term":[{"taxonomy":"product_cat","embeddable":true,"href":"https:\/\/eam-scientific.com\/de\/wp-json\/wp\/v2\/product_cat?post=4204"},{"taxonomy":"product_tag","embeddable":true,"href":"https:\/\/eam-scientific.com\/de\/wp-json\/wp\/v2\/product_tag?post=4204"}],"curies":[{"name":"wp","href":"https:\/\/api.w.org\/{rel}","templated":true}]}}