{"id":4238,"date":"2024-06-20T14:50:29","date_gmt":"2024-06-20T12:50:29","guid":{"rendered":"https:\/\/eam-scientific.com\/?post_type=product&#038;p=4238"},"modified":"2024-06-28T10:00:04","modified_gmt":"2024-06-28T08:00:04","slug":"spe-saeule-chromabond-psa-45-%c2%b5m-6-ml-1000-mg","status":"publish","type":"product","link":"https:\/\/eam-scientific.com\/de\/produkt\/spe-saeule-chromabond-psa-45-%c2%b5m-6-ml-1000-mg\/","title":{"rendered":"SPE S\u00e4ule, CHROMABOND PSA, 45 \u00b5m, 6 mL\/1000 mg"},"content":{"rendered":"<p>Propylsulfons\u00e4ure-modifiziertes Kieselgel, sehr starker Kationenaustauscher (SCX). Kapazit\u00e4t ~ 0,7 meq\/g, im Gegensatz zur SA-Phase keine \u03c0-\u03c0-Wechselwirkungen. Wenn Sie auf der Suche nach PSA (prim\u00e4res und sekund\u00e4res Amin &#8211; verwendet mit QuEChERS-Mischungen) sind, w\u00e4hlen Sie bitte QuEChERS oder Diamino.<\/p>\n","protected":false},"excerpt":{"rendered":"<p>Propylsulfons\u00e4ure-modifiziertes Kieselgel, sehr starker Kationenaustauscher (SCX). Kapazit\u00e4t ~ 0,7 meq\/g, im Gegensatz zur SA-Phase keine \u03c0-\u03c0-Wechselwirkungen. Wenn Sie auf der Suche nach PSA (prim\u00e4res und sekund\u00e4res Amin &#8211; verwendet mit QuEChERS-Mischungen) sind, w\u00e4hlen Sie bitte QuEChERS oder Diamino.<\/p>\n","protected":false},"featured_media":4253,"comment_status":"open","ping_status":"closed","template":"","meta":[],"product_cat":[25,26,27],"product_tag":[],"class_list":{"0":"post-4238","1":"product","2":"type-product","3":"status-publish","4":"has-post-thumbnail","6":"product_cat-chromatographie","7":"product_cat-festphasenextraktion-spe","8":"product_cat-spe-saeulen","10":"first","11":"instock","12":"shipping-taxable","13":"product-type-simple"},"_links":{"self":[{"href":"https:\/\/eam-scientific.com\/de\/wp-json\/wp\/v2\/product\/4238","targetHints":{"allow":["GET"]}}],"collection":[{"href":"https:\/\/eam-scientific.com\/de\/wp-json\/wp\/v2\/product"}],"about":[{"href":"https:\/\/eam-scientific.com\/de\/wp-json\/wp\/v2\/types\/product"}],"replies":[{"embeddable":true,"href":"https:\/\/eam-scientific.com\/de\/wp-json\/wp\/v2\/comments?post=4238"}],"wp:featuredmedia":[{"embeddable":true,"href":"https:\/\/eam-scientific.com\/de\/wp-json\/wp\/v2\/media\/4253"}],"wp:attachment":[{"href":"https:\/\/eam-scientific.com\/de\/wp-json\/wp\/v2\/media?parent=4238"}],"wp:term":[{"taxonomy":"product_cat","embeddable":true,"href":"https:\/\/eam-scientific.com\/de\/wp-json\/wp\/v2\/product_cat?post=4238"},{"taxonomy":"product_tag","embeddable":true,"href":"https:\/\/eam-scientific.com\/de\/wp-json\/wp\/v2\/product_tag?post=4238"}],"curies":[{"name":"wp","href":"https:\/\/api.w.org\/{rel}","templated":true}]}}