{"id":4335,"date":"2024-06-20T14:51:30","date_gmt":"2024-06-20T12:51:30","guid":{"rendered":"https:\/\/eam-scientific.com\/?post_type=product&#038;p=4335"},"modified":"2024-06-28T10:07:52","modified_gmt":"2024-06-28T08:07:52","slug":"spe-saeule-chromabond-sa-sioh-45-%c2%b5m-3-ml-500-500-mg","status":"publish","type":"product","link":"https:\/\/eam-scientific.com\/de\/produkt\/spe-saeule-chromabond-sa-sioh-45-%c2%b5m-3-ml-500-500-mg\/","title":{"rendered":"SPE S\u00e4ule, CHROMABOND SA\/SiOH, 45 \u00b5m, 3 mL\/500\/500 mg"},"content":{"rendered":"<p>Spezielle Phase f\u00fcr die SPE-Analytik von PCBs aus Alt\u00f6l. Kombination aus stark saurem Kationenaustauscher (SA) auf Kieselgelbasis mit Benzolsulfons\u00e4ure-Modifizierung zur Abtrennung von ionischen Verbindungen und unmodifiziertem Kieselgel (SiOH) zur Abtrennung polarer Verbindungen.<\/p>\n","protected":false},"excerpt":{"rendered":"<p>Spezielle Phase f\u00fcr die SPE-Analytik von PCBs aus Alt\u00f6l. Kombination aus stark saurem Kationenaustauscher (SA) auf Kieselgelbasis mit Benzolsulfons\u00e4ure-Modifizierung zur Abtrennung von ionischen Verbindungen und unmodifiziertem Kieselgel (SiOH) zur Abtrennung polarer Verbindungen.<\/p>\n","protected":false},"featured_media":15423,"comment_status":"open","ping_status":"closed","template":"","meta":[],"product_cat":[25,26,27],"product_tag":[],"class_list":{"0":"post-4335","1":"product","2":"type-product","3":"status-publish","4":"has-post-thumbnail","6":"product_cat-chromatographie","7":"product_cat-festphasenextraktion-spe","8":"product_cat-spe-saeulen","10":"first","11":"instock","12":"shipping-taxable","13":"product-type-simple"},"_links":{"self":[{"href":"https:\/\/eam-scientific.com\/de\/wp-json\/wp\/v2\/product\/4335","targetHints":{"allow":["GET"]}}],"collection":[{"href":"https:\/\/eam-scientific.com\/de\/wp-json\/wp\/v2\/product"}],"about":[{"href":"https:\/\/eam-scientific.com\/de\/wp-json\/wp\/v2\/types\/product"}],"replies":[{"embeddable":true,"href":"https:\/\/eam-scientific.com\/de\/wp-json\/wp\/v2\/comments?post=4335"}],"wp:featuredmedia":[{"embeddable":true,"href":"https:\/\/eam-scientific.com\/de\/wp-json\/wp\/v2\/media\/15423"}],"wp:attachment":[{"href":"https:\/\/eam-scientific.com\/de\/wp-json\/wp\/v2\/media?parent=4335"}],"wp:term":[{"taxonomy":"product_cat","embeddable":true,"href":"https:\/\/eam-scientific.com\/de\/wp-json\/wp\/v2\/product_cat?post=4335"},{"taxonomy":"product_tag","embeddable":true,"href":"https:\/\/eam-scientific.com\/de\/wp-json\/wp\/v2\/product_tag?post=4335"}],"curies":[{"name":"wp","href":"https:\/\/api.w.org\/{rel}","templated":true}]}}