{"id":4399,"date":"2024-06-20T14:52:09","date_gmt":"2024-06-20T12:52:09","guid":{"rendered":"https:\/\/eam-scientific.com\/?post_type=product&#038;p=4399"},"modified":"2024-06-28T10:08:06","modified_gmt":"2024-06-28T08:08:06","slug":"spe-saeule-chromabond-c18-ec-45-%c2%b5m-3-ml-500-mg","status":"publish","type":"product","link":"https:\/\/eam-scientific.com\/de\/produkt\/spe-saeule-chromabond-c18-ec-45-%c2%b5m-3-ml-500-mg\/","title":{"rendered":"SPE MPS S\u00e4ule, CHROMABOND C18 ec, 3 mL\/500 mg"},"content":{"rendered":"<p>Bereits mit speziellen Kappen und Kan\u00fclen f\u00fcr den Einsatz im Gerstel Mehrzweck-Sampler (MPS) ausgestattete SPE-S\u00e4ulen. Erh\u00e4ltlich in 1, 3 und 6 mL. Weitere CHROMABOND MPS-Produkte auf Anfrage.<\/p>\n","protected":false},"excerpt":{"rendered":"<p>Bereits mit speziellen Kappen und Kan\u00fclen f\u00fcr den Einsatz im Gerstel Mehrzweck-Sampler (MPS) ausgestattete SPE-S\u00e4ulen. Erh\u00e4ltlich in 1, 3 und 6 mL. Weitere CHROMABOND MPS-Produkte auf Anfrage.<\/p>\n","protected":false},"featured_media":15462,"comment_status":"open","ping_status":"closed","template":"","meta":[],"product_cat":[28,25,26],"product_tag":[],"class_list":{"0":"post-4399","1":"product","2":"type-product","3":"status-publish","4":"has-post-thumbnail","6":"product_cat-automatisierte-spe","7":"product_cat-chromatographie","8":"product_cat-festphasenextraktion-spe","10":"first","11":"instock","12":"shipping-taxable","13":"product-type-simple"},"_links":{"self":[{"href":"https:\/\/eam-scientific.com\/de\/wp-json\/wp\/v2\/product\/4399","targetHints":{"allow":["GET"]}}],"collection":[{"href":"https:\/\/eam-scientific.com\/de\/wp-json\/wp\/v2\/product"}],"about":[{"href":"https:\/\/eam-scientific.com\/de\/wp-json\/wp\/v2\/types\/product"}],"replies":[{"embeddable":true,"href":"https:\/\/eam-scientific.com\/de\/wp-json\/wp\/v2\/comments?post=4399"}],"wp:featuredmedia":[{"embeddable":true,"href":"https:\/\/eam-scientific.com\/de\/wp-json\/wp\/v2\/media\/15462"}],"wp:attachment":[{"href":"https:\/\/eam-scientific.com\/de\/wp-json\/wp\/v2\/media?parent=4399"}],"wp:term":[{"taxonomy":"product_cat","embeddable":true,"href":"https:\/\/eam-scientific.com\/de\/wp-json\/wp\/v2\/product_cat?post=4399"},{"taxonomy":"product_tag","embeddable":true,"href":"https:\/\/eam-scientific.com\/de\/wp-json\/wp\/v2\/product_tag?post=4399"}],"curies":[{"name":"wp","href":"https:\/\/api.w.org\/{rel}","templated":true}]}}