{"id":4428,"date":"2024-06-20T14:52:30","date_gmt":"2024-06-20T12:52:30","guid":{"rendered":"https:\/\/eam-scientific.com\/?post_type=product&#038;p=4428"},"modified":"2024-06-28T10:07:53","modified_gmt":"2024-06-28T08:07:53","slug":"spe-saeule-chromabond-hlb-60-%c2%b5m-3-ml-60-mg","status":"publish","type":"product","link":"https:\/\/eam-scientific.com\/de\/produkt\/spe-saeule-chromabond-hlb-60-%c2%b5m-3-ml-60-mg\/","title":{"rendered":"SPE S\u00e4ule, CHROMABOND HLB, 60 \u00b5m, 3 mL\/60 mg"},"content":{"rendered":"<p>Modernes sph\u00e4risches Polymer f\u00fcr h\u00f6chste Anspr\u00fcche in der Festphasenextraktion. &#8222;Hydrophilic-lipophilic balanced&#8220; (HLB) N-Vinylpyrrolidon-Divinylbenzol-Copolymer. Anwendbar f\u00fcr einen breiten Bereich von Analytpolarit\u00e4ten. Verbesserte Retention f\u00fcr polare Substanzen. Hohe Beladbarkeit und hervorragende Leistungsf\u00e4higkeit. Wasserbenetzbar &#8211; auch wenn das S\u00e4ulenbett trocken l\u00e4uft, kann SPE fortgesetzt werden. Die Alternative zur Oasis HLB.<\/p>\n","protected":false},"excerpt":{"rendered":"<p>Modernes sph\u00e4risches Polymer f\u00fcr h\u00f6chste Anspr\u00fcche in der Festphasenextraktion. &#8222;Hydrophilic-lipophilic balanced&#8220; (HLB) N-Vinylpyrrolidon-Divinylbenzol-Copolymer. Anwendbar f\u00fcr einen breiten Bereich von Analytpolarit\u00e4ten. Verbesserte Retention f\u00fcr polare Substanzen. Hohe Beladbarkeit und hervorragende Leistungsf\u00e4higkeit. Wasserbenetzbar &#8211; auch wenn das S\u00e4ulenbett trocken l\u00e4uft, kann SPE fortgesetzt werden. Die Alternative zur Oasis HLB.<\/p>\n","protected":false},"featured_media":15426,"comment_status":"open","ping_status":"closed","template":"","meta":[],"product_cat":[25,26,27],"product_tag":[],"class_list":{"0":"post-4428","1":"product","2":"type-product","3":"status-publish","4":"has-post-thumbnail","6":"product_cat-chromatographie","7":"product_cat-festphasenextraktion-spe","8":"product_cat-spe-saeulen","10":"first","11":"instock","12":"shipping-taxable","13":"product-type-simple"},"_links":{"self":[{"href":"https:\/\/eam-scientific.com\/de\/wp-json\/wp\/v2\/product\/4428","targetHints":{"allow":["GET"]}}],"collection":[{"href":"https:\/\/eam-scientific.com\/de\/wp-json\/wp\/v2\/product"}],"about":[{"href":"https:\/\/eam-scientific.com\/de\/wp-json\/wp\/v2\/types\/product"}],"replies":[{"embeddable":true,"href":"https:\/\/eam-scientific.com\/de\/wp-json\/wp\/v2\/comments?post=4428"}],"wp:featuredmedia":[{"embeddable":true,"href":"https:\/\/eam-scientific.com\/de\/wp-json\/wp\/v2\/media\/15426"}],"wp:attachment":[{"href":"https:\/\/eam-scientific.com\/de\/wp-json\/wp\/v2\/media?parent=4428"}],"wp:term":[{"taxonomy":"product_cat","embeddable":true,"href":"https:\/\/eam-scientific.com\/de\/wp-json\/wp\/v2\/product_cat?post=4428"},{"taxonomy":"product_tag","embeddable":true,"href":"https:\/\/eam-scientific.com\/de\/wp-json\/wp\/v2\/product_tag?post=4428"}],"curies":[{"name":"wp","href":"https:\/\/api.w.org\/{rel}","templated":true}]}}