{"id":4460,"date":"2024-06-20T14:52:51","date_gmt":"2024-06-20T12:52:51","guid":{"rendered":"https:\/\/eam-scientific.com\/?post_type=product&#038;p=4460"},"modified":"2024-06-28T10:07:15","modified_gmt":"2024-06-28T08:07:15","slug":"spe-saeule-chromabond-hr-x-85-%c2%b5m-6-ml-200-mg","status":"publish","type":"product","link":"https:\/\/eam-scientific.com\/de\/produkt\/spe-saeule-chromabond-hr-x-85-%c2%b5m-6-ml-200-mg\/","title":{"rendered":"SPE S\u00e4ule, CHROMABOND HR-X, 85 \u00b5m, 6 mL\/200 mg"},"content":{"rendered":"<p>Sph\u00e4risches, hydrophobes Polystyrol-Divinylbenzolharz in SPE-S\u00e4ulen. Hochreines Material mit h\u00f6chster Reproduzierbarkeit und niedrigsten Blindwerten durch einen optimierten Herstellungsprozess. Hervorragende Wiederfindungsraten, insbesondere bei der Anreicherung von Pharmaka (Wirkstoffen), durch die sph\u00e4rische Struktur der Partikel, die sehr homogene Oberfl\u00e4che und die optimierte Porenstruktur.<\/p>\n","protected":false},"excerpt":{"rendered":"<p>Sph\u00e4risches, hydrophobes Polystyrol-Divinylbenzolharz in SPE-S\u00e4ulen. Hochreines Material mit h\u00f6chster Reproduzierbarkeit und niedrigsten Blindwerten durch einen optimierten Herstellungsprozess. Hervorragende Wiederfindungsraten, insbesondere bei der Anreicherung von Pharmaka (Wirkstoffen), durch die sph\u00e4rische Struktur der Partikel, die sehr homogene Oberfl\u00e4che und die optimierte Porenstruktur.<\/p>\n","protected":false},"featured_media":15408,"comment_status":"open","ping_status":"closed","template":"","meta":[],"product_cat":[25,26,27],"product_tag":[],"class_list":{"0":"post-4460","1":"product","2":"type-product","3":"status-publish","4":"has-post-thumbnail","6":"product_cat-chromatographie","7":"product_cat-festphasenextraktion-spe","8":"product_cat-spe-saeulen","10":"first","11":"instock","12":"shipping-taxable","13":"product-type-simple"},"_links":{"self":[{"href":"https:\/\/eam-scientific.com\/de\/wp-json\/wp\/v2\/product\/4460","targetHints":{"allow":["GET"]}}],"collection":[{"href":"https:\/\/eam-scientific.com\/de\/wp-json\/wp\/v2\/product"}],"about":[{"href":"https:\/\/eam-scientific.com\/de\/wp-json\/wp\/v2\/types\/product"}],"replies":[{"embeddable":true,"href":"https:\/\/eam-scientific.com\/de\/wp-json\/wp\/v2\/comments?post=4460"}],"wp:featuredmedia":[{"embeddable":true,"href":"https:\/\/eam-scientific.com\/de\/wp-json\/wp\/v2\/media\/15408"}],"wp:attachment":[{"href":"https:\/\/eam-scientific.com\/de\/wp-json\/wp\/v2\/media?parent=4460"}],"wp:term":[{"taxonomy":"product_cat","embeddable":true,"href":"https:\/\/eam-scientific.com\/de\/wp-json\/wp\/v2\/product_cat?post=4460"},{"taxonomy":"product_tag","embeddable":true,"href":"https:\/\/eam-scientific.com\/de\/wp-json\/wp\/v2\/product_tag?post=4460"}],"curies":[{"name":"wp","href":"https:\/\/api.w.org\/{rel}","templated":true}]}}