{"id":4472,"date":"2024-06-20T14:53:00","date_gmt":"2024-06-20T12:53:00","guid":{"rendered":"https:\/\/eam-scientific.com\/?post_type=product&#038;p=4472"},"modified":"2024-06-28T10:07:57","modified_gmt":"2024-06-28T08:07:57","slug":"spe-saeule-chromabond-wax-30-%c2%b5m-3-ml-60-mg","status":"publish","type":"product","link":"https:\/\/eam-scientific.com\/de\/produkt\/spe-saeule-chromabond-wax-30-%c2%b5m-3-ml-60-mg\/","title":{"rendered":"SPE S\u00e4ule, CHROMABOND WAX, 30 \u00b5m, 3 mL\/60 mg"},"content":{"rendered":"<p>Modernes sph\u00e4risches Polymer f\u00fcr h\u00f6chste Anspr\u00fcche in der Festphasenextraktion. PS\/DVB-Copolymer mit sekund\u00e4rer und terti\u00e4rer Ammonium-Modifizierung f\u00fcr Mixed-Mode SPE mit schwachem Anionenaustausch und RP-Eigenschaften (WAX). Austauschkapazit\u00e4t \u2265 0,8 meq\/g, pKs 6 + 9. Hochreines Material mit idealen Flie\u00dfeigenschaften und erm\u00f6glicht durch einen optimierten Produktionsprozess h\u00f6chste Reproduzierbarkeit bei extrem niedrigen Blindwerten. Besonders geeignet f\u00fcr die PFAS Analytik z.B. gem\u00e4\u00df EPA 533, Draft 1633 und ISO 21675:2019.<\/p>\n","protected":false},"excerpt":{"rendered":"<p>Modernes sph\u00e4risches Polymer f\u00fcr h\u00f6chste Anspr\u00fcche in der Festphasenextraktion. PS\/DVB-Copolymer mit sekund\u00e4rer und terti\u00e4rer Ammonium-Modifizierung f\u00fcr Mixed-Mode SPE mit schwachem Anionenaustausch und RP-Eigenschaften (WAX). Austauschkapazit\u00e4t \u2265 0,8 meq\/g, pKs 6 + 9. Hochreines Material mit idealen Flie\u00dfeigenschaften und erm\u00f6glicht durch einen optimierten Produktionsprozess h\u00f6chste Reproduzierbarkeit bei extrem niedrigen Blindwerten. Besonders geeignet f\u00fcr die PFAS Analytik [&hellip;]<\/p>\n","protected":false},"featured_media":15435,"comment_status":"open","ping_status":"closed","template":"","meta":[],"product_cat":[25,26,27],"product_tag":[],"class_list":{"0":"post-4472","1":"product","2":"type-product","3":"status-publish","4":"has-post-thumbnail","6":"product_cat-chromatographie","7":"product_cat-festphasenextraktion-spe","8":"product_cat-spe-saeulen","10":"first","11":"instock","12":"shipping-taxable","13":"product-type-simple"},"_links":{"self":[{"href":"https:\/\/eam-scientific.com\/de\/wp-json\/wp\/v2\/product\/4472","targetHints":{"allow":["GET"]}}],"collection":[{"href":"https:\/\/eam-scientific.com\/de\/wp-json\/wp\/v2\/product"}],"about":[{"href":"https:\/\/eam-scientific.com\/de\/wp-json\/wp\/v2\/types\/product"}],"replies":[{"embeddable":true,"href":"https:\/\/eam-scientific.com\/de\/wp-json\/wp\/v2\/comments?post=4472"}],"wp:featuredmedia":[{"embeddable":true,"href":"https:\/\/eam-scientific.com\/de\/wp-json\/wp\/v2\/media\/15435"}],"wp:attachment":[{"href":"https:\/\/eam-scientific.com\/de\/wp-json\/wp\/v2\/media?parent=4472"}],"wp:term":[{"taxonomy":"product_cat","embeddable":true,"href":"https:\/\/eam-scientific.com\/de\/wp-json\/wp\/v2\/product_cat?post=4472"},{"taxonomy":"product_tag","embeddable":true,"href":"https:\/\/eam-scientific.com\/de\/wp-json\/wp\/v2\/product_tag?post=4472"}],"curies":[{"name":"wp","href":"https:\/\/api.w.org\/{rel}","templated":true}]}}