{"id":4476,"date":"2024-06-20T14:53:00","date_gmt":"2024-06-20T12:53:00","guid":{"rendered":"https:\/\/eam-scientific.com\/?post_type=product&#038;p=4476"},"modified":"2024-06-28T10:08:06","modified_gmt":"2024-06-28T08:08:06","slug":"achterstreifen-verschlusskappen-fuer-pp-gefaessstreifen-ref-738652","status":"publish","type":"product","link":"https:\/\/eam-scientific.com\/de\/produkt\/achterstreifen-verschlusskappen-fuer-pp-gefaessstreifen-ref-738652\/","title":{"rendered":"Achterstreifen-Verschlusskappen f\u00fcr PP-Gef\u00e4\u00dfstreifen (REF 738652)"},"content":{"rendered":"<p>Achterstreifen-Verschlusskappen f\u00fcr PP-Gef\u00e4\u00dfstreifen (REF 738652).<\/p>\n","protected":false},"excerpt":{"rendered":"<p>Achterstreifen-Verschlusskappen f\u00fcr PP-Gef\u00e4\u00dfstreifen (REF 738652).<\/p>\n","protected":false},"featured_media":4493,"comment_status":"open","ping_status":"closed","template":"","meta":[],"product_cat":[25,26,29],"product_tag":[],"class_list":{"0":"post-4476","1":"product","2":"type-product","3":"status-publish","4":"has-post-thumbnail","6":"product_cat-chromatographie","7":"product_cat-festphasenextraktion-spe","8":"product_cat-spe-multi-96-platten","10":"first","11":"instock","12":"shipping-taxable","13":"product-type-simple"},"_links":{"self":[{"href":"https:\/\/eam-scientific.com\/de\/wp-json\/wp\/v2\/product\/4476","targetHints":{"allow":["GET"]}}],"collection":[{"href":"https:\/\/eam-scientific.com\/de\/wp-json\/wp\/v2\/product"}],"about":[{"href":"https:\/\/eam-scientific.com\/de\/wp-json\/wp\/v2\/types\/product"}],"replies":[{"embeddable":true,"href":"https:\/\/eam-scientific.com\/de\/wp-json\/wp\/v2\/comments?post=4476"}],"wp:featuredmedia":[{"embeddable":true,"href":"https:\/\/eam-scientific.com\/de\/wp-json\/wp\/v2\/media\/4493"}],"wp:attachment":[{"href":"https:\/\/eam-scientific.com\/de\/wp-json\/wp\/v2\/media?parent=4476"}],"wp:term":[{"taxonomy":"product_cat","embeddable":true,"href":"https:\/\/eam-scientific.com\/de\/wp-json\/wp\/v2\/product_cat?post=4476"},{"taxonomy":"product_tag","embeddable":true,"href":"https:\/\/eam-scientific.com\/de\/wp-json\/wp\/v2\/product_tag?post=4476"}],"curies":[{"name":"wp","href":"https:\/\/api.w.org\/{rel}","templated":true}]}}