{"id":4481,"date":"2024-06-20T14:53:00","date_gmt":"2024-06-20T12:53:00","guid":{"rendered":"https:\/\/eam-scientific.com\/?post_type=product&#038;p=4481"},"modified":"2024-06-28T10:08:07","modified_gmt":"2024-06-28T08:08:07","slug":"spe-multi-96-monoblock-chromabond-hr-p-96x-100-mg-50-100-%c2%b5m","status":"publish","type":"product","link":"https:\/\/eam-scientific.com\/de\/produkt\/spe-multi-96-monoblock-chromabond-hr-p-96x-100-mg-50-100-%c2%b5m\/","title":{"rendered":"SPE MULTI 96-Monoblock CHROMABOND HR-P, 96x 100 mg, 50\u2013100 \u00b5m"},"content":{"rendered":"<p>F\u00fcr die gleichzeitige Aufbereitung von 96 Proben &#8211; Hochdurchsatz-SPE. Hochpor\u00f6ses Polystyrol-Divinylbenzol-Copolymer f\u00fcr SPE mit sehr hoher spezifischer Oberfl\u00e4che.<\/p>\n","protected":false},"excerpt":{"rendered":"<p>F\u00fcr die gleichzeitige Aufbereitung von 96 Proben &#8211; Hochdurchsatz-SPE. Hochpor\u00f6ses Polystyrol-Divinylbenzol-Copolymer f\u00fcr SPE mit sehr hoher spezifischer Oberfl\u00e4che.<\/p>\n","protected":false},"featured_media":4505,"comment_status":"open","ping_status":"closed","template":"","meta":[],"product_cat":[25,26,29],"product_tag":[],"class_list":{"0":"post-4481","1":"product","2":"type-product","3":"status-publish","4":"has-post-thumbnail","6":"product_cat-chromatographie","7":"product_cat-festphasenextraktion-spe","8":"product_cat-spe-multi-96-platten","10":"first","11":"instock","12":"shipping-taxable","13":"product-type-simple"},"_links":{"self":[{"href":"https:\/\/eam-scientific.com\/de\/wp-json\/wp\/v2\/product\/4481","targetHints":{"allow":["GET"]}}],"collection":[{"href":"https:\/\/eam-scientific.com\/de\/wp-json\/wp\/v2\/product"}],"about":[{"href":"https:\/\/eam-scientific.com\/de\/wp-json\/wp\/v2\/types\/product"}],"replies":[{"embeddable":true,"href":"https:\/\/eam-scientific.com\/de\/wp-json\/wp\/v2\/comments?post=4481"}],"wp:featuredmedia":[{"embeddable":true,"href":"https:\/\/eam-scientific.com\/de\/wp-json\/wp\/v2\/media\/4505"}],"wp:attachment":[{"href":"https:\/\/eam-scientific.com\/de\/wp-json\/wp\/v2\/media?parent=4481"}],"wp:term":[{"taxonomy":"product_cat","embeddable":true,"href":"https:\/\/eam-scientific.com\/de\/wp-json\/wp\/v2\/product_cat?post=4481"},{"taxonomy":"product_tag","embeddable":true,"href":"https:\/\/eam-scientific.com\/de\/wp-json\/wp\/v2\/product_tag?post=4481"}],"curies":[{"name":"wp","href":"https:\/\/api.w.org\/{rel}","templated":true}]}}