{"id":4483,"date":"2024-06-20T14:53:00","date_gmt":"2024-06-20T12:53:00","guid":{"rendered":"https:\/\/eam-scientific.com\/?post_type=product&#038;p=4483"},"modified":"2024-06-28T10:08:07","modified_gmt":"2024-06-28T08:08:07","slug":"spe-multi-96-monoblock-chromabond-sa-96x-100-mg-45-%c2%b5m","status":"publish","type":"product","link":"https:\/\/eam-scientific.com\/de\/produkt\/spe-multi-96-monoblock-chromabond-sa-96x-100-mg-45-%c2%b5m\/","title":{"rendered":"SPE MULTI 96-Monoblock CHROMABOND SA, 96x 100 mg, 45 \u00b5m"},"content":{"rendered":"<p>F\u00fcr die gleichzeitige Aufbereitung von 96 Proben &#8211; Hochdurchsatz-SPE. Kieselgel modifiziert mit Benzolsulfons\u00e4ure, stark saurer Kationenaustauscher (SCX). Kapazit\u00e4t ~ 0,5 meq\/g, Sorbens mit hydrophoben und \u03c0-\u03c0-Wechselwirkungen (Benzolring), Ionenaustausch von organischen Verbindungen aus w\u00e4ssriger Matrix, Elution von interessanten Verbindungen mit L\u00f6semittelsystemen, die die ionischen und unpolaren Wechselwirkungen kompensieren, z.B. Methanol-HCl.<\/p>\n","protected":false},"excerpt":{"rendered":"<p>F\u00fcr die gleichzeitige Aufbereitung von 96 Proben &#8211; Hochdurchsatz-SPE. Kieselgel modifiziert mit Benzolsulfons\u00e4ure, stark saurer Kationenaustauscher (SCX). Kapazit\u00e4t ~ 0,5 meq\/g, Sorbens mit hydrophoben und \u03c0-\u03c0-Wechselwirkungen (Benzolring), Ionenaustausch von organischen Verbindungen aus w\u00e4ssriger Matrix, Elution von interessanten Verbindungen mit L\u00f6semittelsystemen, die die ionischen und unpolaren Wechselwirkungen kompensieren, z.B. Methanol-HCl.<\/p>\n","protected":false},"featured_media":4507,"comment_status":"open","ping_status":"closed","template":"","meta":[],"product_cat":[25,26,29],"product_tag":[],"class_list":{"0":"post-4483","1":"product","2":"type-product","3":"status-publish","4":"has-post-thumbnail","6":"product_cat-chromatographie","7":"product_cat-festphasenextraktion-spe","8":"product_cat-spe-multi-96-platten","10":"first","11":"instock","12":"shipping-taxable","13":"product-type-simple"},"_links":{"self":[{"href":"https:\/\/eam-scientific.com\/de\/wp-json\/wp\/v2\/product\/4483","targetHints":{"allow":["GET"]}}],"collection":[{"href":"https:\/\/eam-scientific.com\/de\/wp-json\/wp\/v2\/product"}],"about":[{"href":"https:\/\/eam-scientific.com\/de\/wp-json\/wp\/v2\/types\/product"}],"replies":[{"embeddable":true,"href":"https:\/\/eam-scientific.com\/de\/wp-json\/wp\/v2\/comments?post=4483"}],"wp:featuredmedia":[{"embeddable":true,"href":"https:\/\/eam-scientific.com\/de\/wp-json\/wp\/v2\/media\/4507"}],"wp:attachment":[{"href":"https:\/\/eam-scientific.com\/de\/wp-json\/wp\/v2\/media?parent=4483"}],"wp:term":[{"taxonomy":"product_cat","embeddable":true,"href":"https:\/\/eam-scientific.com\/de\/wp-json\/wp\/v2\/product_cat?post=4483"},{"taxonomy":"product_tag","embeddable":true,"href":"https:\/\/eam-scientific.com\/de\/wp-json\/wp\/v2\/product_tag?post=4483"}],"curies":[{"name":"wp","href":"https:\/\/api.w.org\/{rel}","templated":true}]}}