{"id":4486,"date":"2024-06-20T14:53:00","date_gmt":"2024-06-20T12:53:00","guid":{"rendered":"https:\/\/eam-scientific.com\/?post_type=product&#038;p=4486"},"modified":"2024-06-28T10:08:54","modified_gmt":"2024-06-28T08:08:54","slug":"spe-multi-96-monoblock-chromabond-hlb-96x-60-mg-60-%c2%b5m","status":"publish","type":"product","link":"https:\/\/eam-scientific.com\/de\/produkt\/spe-multi-96-monoblock-chromabond-hlb-96x-60-mg-60-%c2%b5m\/","title":{"rendered":"SPE MULTI 96-Monoblock CHROMABOND HLB, 96x 60 mg, 60 \u00b5m"},"content":{"rendered":"<p>Zur gleichzeitigen Probenvorbereitung von 96 Proben. Modernes sph\u00e4risches Polymer f\u00fcr h\u00f6chste Anspr\u00fcche in der Festphasenextraktion. &#8222;Hydrophilic-lipophilic balanced&#8220; (HLB) N-Vinylpyrrolidon-Divinylbenzol-Copolymer. Anwendbar f\u00fcr einen breiten Bereich von Analytpolarit\u00e4ten. Verbesserte Retention f\u00fcr polare Verbindungen. Hohe Beladbarkeit und hervorragende Leistungsf\u00e4higkeit. Wasserbenetzbar &#8211; auch wenn das S\u00e4ulenbett trocken l\u00e4uft, kann die SPE fortgesetzt werden.<\/p>\n","protected":false},"excerpt":{"rendered":"<p>Zur gleichzeitigen Probenvorbereitung von 96 Proben. Modernes sph\u00e4risches Polymer f\u00fcr h\u00f6chste Anspr\u00fcche in der Festphasenextraktion. &#8222;Hydrophilic-lipophilic balanced&#8220; (HLB) N-Vinylpyrrolidon-Divinylbenzol-Copolymer. Anwendbar f\u00fcr einen breiten Bereich von Analytpolarit\u00e4ten. Verbesserte Retention f\u00fcr polare Verbindungen. Hohe Beladbarkeit und hervorragende Leistungsf\u00e4higkeit. Wasserbenetzbar &#8211; auch wenn das S\u00e4ulenbett trocken l\u00e4uft, kann die SPE fortgesetzt werden.<\/p>\n","protected":false},"featured_media":4510,"comment_status":"open","ping_status":"closed","template":"","meta":[],"product_cat":[25,26,29],"product_tag":[],"class_list":{"0":"post-4486","1":"product","2":"type-product","3":"status-publish","4":"has-post-thumbnail","6":"product_cat-chromatographie","7":"product_cat-festphasenextraktion-spe","8":"product_cat-spe-multi-96-platten","10":"first","11":"instock","12":"shipping-taxable","13":"product-type-simple"},"_links":{"self":[{"href":"https:\/\/eam-scientific.com\/de\/wp-json\/wp\/v2\/product\/4486","targetHints":{"allow":["GET"]}}],"collection":[{"href":"https:\/\/eam-scientific.com\/de\/wp-json\/wp\/v2\/product"}],"about":[{"href":"https:\/\/eam-scientific.com\/de\/wp-json\/wp\/v2\/types\/product"}],"replies":[{"embeddable":true,"href":"https:\/\/eam-scientific.com\/de\/wp-json\/wp\/v2\/comments?post=4486"}],"wp:featuredmedia":[{"embeddable":true,"href":"https:\/\/eam-scientific.com\/de\/wp-json\/wp\/v2\/media\/4510"}],"wp:attachment":[{"href":"https:\/\/eam-scientific.com\/de\/wp-json\/wp\/v2\/media?parent=4486"}],"wp:term":[{"taxonomy":"product_cat","embeddable":true,"href":"https:\/\/eam-scientific.com\/de\/wp-json\/wp\/v2\/product_cat?post=4486"},{"taxonomy":"product_tag","embeddable":true,"href":"https:\/\/eam-scientific.com\/de\/wp-json\/wp\/v2\/product_tag?post=4486"}],"curies":[{"name":"wp","href":"https:\/\/api.w.org\/{rel}","templated":true}]}}