{"id":4520,"date":"2024-06-20T14:53:44","date_gmt":"2024-06-20T12:53:44","guid":{"rendered":"https:\/\/eam-scientific.com\/?post_type=product&#038;p=4520"},"modified":"2024-06-28T10:09:04","modified_gmt":"2024-06-28T08:09:04","slug":"chromabond-quechers-mix-m1-spezieller-clean-up-mix-fuer-mykotoxinanalytik","status":"publish","type":"product","link":"https:\/\/eam-scientific.com\/de\/produkt\/chromabond-quechers-mix-m1-spezieller-clean-up-mix-fuer-mykotoxinanalytik\/","title":{"rendered":"CHROMABOND QuEChERS Mix M1, spezieller Clean-up Mix f\u00fcr Mykotoxinanalytik"},"content":{"rendered":"<p>Vorteile der QuEChERS-Produkte (&#8222;Quick, Easy, Cheap, Effective, Rugged and Safe&#8220;) im Vergleich zu klassischen Aufreinigungsmethoden: Einfache Handhabung und zeitsparendes Verfahren sowie Verzicht auf Glaswaren (praktisch und wirtschaftlich). Geringer Verbrauch von L\u00f6sungsmitteln und kein Bedarf an chlorierten L\u00f6sungsmitteln (umweltfreundlich). Ein breites Spektrum von Pestiziden kann nachgewiesen werden. Die Methode ist robust und erm\u00f6glicht hohe und zuverl\u00e4ssige Wiederfindungsraten. Die 2003 von Anastassiades et al. eingef\u00fchrte QuEChERS-Methode (ausgesprochen wie &#8222;Catchers&#8220;) und die kontinuierliche Weiterentwicklung f\u00fchrten zu einer Ausweitung der gebrauchsfertigen Mischungen. QuEChERS wurde zur Methode der Wahl bei der Probenvorbereitung f\u00fcr die Analyse von Pestiziden und Drogen in Obst, Gem\u00fcse und anderen Matrices. CHROMABOND QuEChERS Mix M1 wurde speziell als Clean-Up-Mix f\u00fcr die Mykotoxinanalytik entwickelt.<\/p>\n","protected":false},"excerpt":{"rendered":"<p>Vorteile der QuEChERS-Produkte (&#8222;Quick, Easy, Cheap, Effective, Rugged and Safe&#8220;) im Vergleich zu klassischen Aufreinigungsmethoden: Einfache Handhabung und zeitsparendes Verfahren sowie Verzicht auf Glaswaren (praktisch und wirtschaftlich). Geringer Verbrauch von L\u00f6sungsmitteln und kein Bedarf an chlorierten L\u00f6sungsmitteln (umweltfreundlich). Ein breites Spektrum von Pestiziden kann nachgewiesen werden. Die Methode ist robust und erm\u00f6glicht hohe und zuverl\u00e4ssige [&hellip;]<\/p>\n","protected":false},"featured_media":4540,"comment_status":"open","ping_status":"closed","template":"","meta":[],"product_cat":[25,26,30],"product_tag":[],"class_list":{"0":"post-4520","1":"product","2":"type-product","3":"status-publish","4":"has-post-thumbnail","6":"product_cat-chromatographie","7":"product_cat-festphasenextraktion-spe","8":"product_cat-quechers-mixe","10":"first","11":"instock","12":"shipping-taxable","13":"product-type-simple"},"_links":{"self":[{"href":"https:\/\/eam-scientific.com\/de\/wp-json\/wp\/v2\/product\/4520","targetHints":{"allow":["GET"]}}],"collection":[{"href":"https:\/\/eam-scientific.com\/de\/wp-json\/wp\/v2\/product"}],"about":[{"href":"https:\/\/eam-scientific.com\/de\/wp-json\/wp\/v2\/types\/product"}],"replies":[{"embeddable":true,"href":"https:\/\/eam-scientific.com\/de\/wp-json\/wp\/v2\/comments?post=4520"}],"wp:featuredmedia":[{"embeddable":true,"href":"https:\/\/eam-scientific.com\/de\/wp-json\/wp\/v2\/media\/4540"}],"wp:attachment":[{"href":"https:\/\/eam-scientific.com\/de\/wp-json\/wp\/v2\/media?parent=4520"}],"wp:term":[{"taxonomy":"product_cat","embeddable":true,"href":"https:\/\/eam-scientific.com\/de\/wp-json\/wp\/v2\/product_cat?post=4520"},{"taxonomy":"product_tag","embeddable":true,"href":"https:\/\/eam-scientific.com\/de\/wp-json\/wp\/v2\/product_tag?post=4520"}],"curies":[{"name":"wp","href":"https:\/\/api.w.org\/{rel}","templated":true}]}}