{"id":4533,"date":"2024-06-20T14:54:06","date_gmt":"2024-06-20T12:54:06","guid":{"rendered":"https:\/\/eam-scientific.com\/?post_type=product&#038;p=4533"},"modified":"2024-06-28T10:09:05","modified_gmt":"2024-06-28T08:09:05","slug":"chromabond-quechers-mix-i-extraktion-en-15662-15-ml-zr-13-g","status":"publish","type":"product","link":"https:\/\/eam-scientific.com\/de\/produkt\/chromabond-quechers-mix-i-extraktion-en-15662-15-ml-zr-13-g\/","title":{"rendered":"CHROMABOND QuEChERS Mix I, Extraktion, EN 15662, 15 mL ZR, 13 g"},"content":{"rendered":"<p>Vorteile der QuEChERS (&#8222;Quick, Easy, Cheap, Effective, Rugged and Safe&#8220;) Produkte im Vergleich zu klassischen Aufreinigungsmethoden: Einfache Handhabung und zeitsparendes Verfahren sowie Verzicht auf Glaswaren (bequem und wirtschaftlich). Geringer Verbrauch von L\u00f6semitteln und kein Bedarf an chlorierten L\u00f6semitteln (umweltfreundlich). Eine breite Palette von Pestiziden kann nachgewiesen werden. Es stellt eine robuste Methode mit hohen und sicheren Wiederfindungsraten (zuverl\u00e4ssige und hohe Leistungsf\u00e4higkeit) dar. Das sind die Anforderungen an eine moderne Probenvorbereitung. Die 2003 von Anastassiades et al. eingef\u00fchrte QuEChERS-Methode (ausgesprochen als &#8222;catchers&#8220;) und die kontinuierliche Weiterentwicklung f\u00fchrten zu einer Erweiterung der gebrauchsfertigen Mischungen. QuEChERS wurde zur Methode der Wahl bei der Probenvorbereitung f\u00fcr die Analytik von Pestiziden und Medikamenten in Obst, Gem\u00fcse und anderen Matrices.<\/p>\n","protected":false},"excerpt":{"rendered":"<p>Vorteile der QuEChERS (&#8222;Quick, Easy, Cheap, Effective, Rugged and Safe&#8220;) Produkte im Vergleich zu klassischen Aufreinigungsmethoden: Einfache Handhabung und zeitsparendes Verfahren sowie Verzicht auf Glaswaren (bequem und wirtschaftlich). Geringer Verbrauch von L\u00f6semitteln und kein Bedarf an chlorierten L\u00f6semitteln (umweltfreundlich). Eine breite Palette von Pestiziden kann nachgewiesen werden. Es stellt eine robuste Methode mit hohen und [&hellip;]<\/p>\n","protected":false},"featured_media":4546,"comment_status":"open","ping_status":"closed","template":"","meta":[],"product_cat":[25,26,30],"product_tag":[],"class_list":{"0":"post-4533","1":"product","2":"type-product","3":"status-publish","4":"has-post-thumbnail","6":"product_cat-chromatographie","7":"product_cat-festphasenextraktion-spe","8":"product_cat-quechers-mixe","10":"first","11":"instock","12":"shipping-taxable","13":"product-type-simple"},"_links":{"self":[{"href":"https:\/\/eam-scientific.com\/de\/wp-json\/wp\/v2\/product\/4533","targetHints":{"allow":["GET"]}}],"collection":[{"href":"https:\/\/eam-scientific.com\/de\/wp-json\/wp\/v2\/product"}],"about":[{"href":"https:\/\/eam-scientific.com\/de\/wp-json\/wp\/v2\/types\/product"}],"replies":[{"embeddable":true,"href":"https:\/\/eam-scientific.com\/de\/wp-json\/wp\/v2\/comments?post=4533"}],"wp:featuredmedia":[{"embeddable":true,"href":"https:\/\/eam-scientific.com\/de\/wp-json\/wp\/v2\/media\/4546"}],"wp:attachment":[{"href":"https:\/\/eam-scientific.com\/de\/wp-json\/wp\/v2\/media?parent=4533"}],"wp:term":[{"taxonomy":"product_cat","embeddable":true,"href":"https:\/\/eam-scientific.com\/de\/wp-json\/wp\/v2\/product_cat?post=4533"},{"taxonomy":"product_tag","embeddable":true,"href":"https:\/\/eam-scientific.com\/de\/wp-json\/wp\/v2\/product_tag?post=4533"}],"curies":[{"name":"wp","href":"https:\/\/api.w.org\/{rel}","templated":true}]}}