{"id":4591,"date":"2024-06-20T14:54:42","date_gmt":"2024-06-20T12:54:42","guid":{"rendered":"https:\/\/eam-scientific.com\/?post_type=product&#038;p=4591"},"modified":"2024-06-28T10:10:06","modified_gmt":"2024-06-28T08:10:06","slug":"saeule-zur-phasentrennung-chromabond-pts-3-ml-saeulenvolumen","status":"publish","type":"product","link":"https:\/\/eam-scientific.com\/de\/produkt\/saeule-zur-phasentrennung-chromabond-pts-3-ml-saeulenvolumen\/","title":{"rendered":"S\u00e4ule zur Phasentrennung, CHROMABOND PTS, 3 mL S\u00e4ulenvolumen"},"content":{"rendered":"<p>Automatische Trennung eines Zweiphasengemisches ohne Scheidetrichter. Zweiphasengemische werden vollst\u00e4ndig auf die S\u00e4ule aufgebracht und die Phasengrenze ohne zus\u00e4tzliche Arbeit bestimmt. Die Spezialmembran stoppt den Durchfluss automatisch wenn die untere Phase abgelaufen ist. Die obere Phase bleibt in der S\u00e4ule, so dass beide Phasen f\u00fcr weitere Analysen zur Verf\u00fcgung stehen. Die S\u00e4ulen d\u00fcrfen nicht unter Vakuum oder Druck betrieben werden. PTS f\u00fcr L\u00f6sungsmittel, die schwerer als Wasser sind, z.B. f\u00fcr Trichlormethan, Dichlormethan.<\/p>\n","protected":false},"excerpt":{"rendered":"<p>Automatische Trennung eines Zweiphasengemisches ohne Scheidetrichter. Zweiphasengemische werden vollst\u00e4ndig auf die S\u00e4ule aufgebracht und die Phasengrenze ohne zus\u00e4tzliche Arbeit bestimmt. Die Spezialmembran stoppt den Durchfluss automatisch wenn die untere Phase abgelaufen ist. Die obere Phase bleibt in der S\u00e4ule, so dass beide Phasen f\u00fcr weitere Analysen zur Verf\u00fcgung stehen. Die S\u00e4ulen d\u00fcrfen nicht unter Vakuum [&hellip;]<\/p>\n","protected":false},"featured_media":4615,"comment_status":"open","ping_status":"closed","template":"","meta":[],"product_cat":[25,26,31],"product_tag":[],"class_list":{"0":"post-4591","1":"product","2":"type-product","3":"status-publish","4":"has-post-thumbnail","6":"product_cat-chromatographie","7":"product_cat-festphasenextraktion-spe","8":"product_cat-sle-lle","10":"first","11":"instock","12":"shipping-taxable","13":"product-type-simple"},"_links":{"self":[{"href":"https:\/\/eam-scientific.com\/de\/wp-json\/wp\/v2\/product\/4591","targetHints":{"allow":["GET"]}}],"collection":[{"href":"https:\/\/eam-scientific.com\/de\/wp-json\/wp\/v2\/product"}],"about":[{"href":"https:\/\/eam-scientific.com\/de\/wp-json\/wp\/v2\/types\/product"}],"replies":[{"embeddable":true,"href":"https:\/\/eam-scientific.com\/de\/wp-json\/wp\/v2\/comments?post=4591"}],"wp:featuredmedia":[{"embeddable":true,"href":"https:\/\/eam-scientific.com\/de\/wp-json\/wp\/v2\/media\/4615"}],"wp:attachment":[{"href":"https:\/\/eam-scientific.com\/de\/wp-json\/wp\/v2\/media?parent=4591"}],"wp:term":[{"taxonomy":"product_cat","embeddable":true,"href":"https:\/\/eam-scientific.com\/de\/wp-json\/wp\/v2\/product_cat?post=4591"},{"taxonomy":"product_tag","embeddable":true,"href":"https:\/\/eam-scientific.com\/de\/wp-json\/wp\/v2\/product_tag?post=4591"}],"curies":[{"name":"wp","href":"https:\/\/api.w.org\/{rel}","templated":true}]}}