{"id":4611,"date":"2024-06-20T14:55:03","date_gmt":"2024-06-20T12:55:03","guid":{"rendered":"https:\/\/eam-scientific.com\/?post_type=product&#038;p=4611"},"modified":"2024-06-28T10:10:06","modified_gmt":"2024-06-28T08:10:06","slug":"spe-sorbens-bulk-sle-lle-chromabond-xtr-2","status":"publish","type":"product","link":"https:\/\/eam-scientific.com\/de\/produkt\/spe-sorbens-bulk-sle-lle-chromabond-xtr-2\/","title":{"rendered":"SPE Sorbens (Bulk) SLE\/LLE, CHROMABOND XTR"},"content":{"rendered":"<p>Packmaterial, Sorbentien f\u00fcr SPE- (SLE\/LLE) Anwendungen. Fl\u00fcssig-Fl\u00fcssig-Extraktion (LLE\/SLE) von hochviskosen w\u00e4ssrigen L\u00f6sungen wie physiologischen Fl\u00fcssigkeiten (Blut, Plasma und Serum) in der klinischen Chemie, Farbstoffen in Textilien, in der Umwelt- und Lebensmittelanalytik ohne Verwendung eines Sch\u00fctteltrichters. Hohe Wasserbeladbarkeit, ohne dass Wasser bei Elution mit organischen L\u00f6semitteln wieder abgegeben wird. Auch verwendbar, um kleine Wassermengen aus organischen mit Wasser nicht mischbaren L\u00f6semitteln zu entfernen. Keine Probleme mit Phasengrenzen &#8211; keine Emulsionsbildung.<\/p>\n","protected":false},"excerpt":{"rendered":"<p>Packmaterial, Sorbentien f\u00fcr SPE- (SLE\/LLE) Anwendungen. Fl\u00fcssig-Fl\u00fcssig-Extraktion (LLE\/SLE) von hochviskosen w\u00e4ssrigen L\u00f6sungen wie physiologischen Fl\u00fcssigkeiten (Blut, Plasma und Serum) in der klinischen Chemie, Farbstoffen in Textilien, in der Umwelt- und Lebensmittelanalytik ohne Verwendung eines Sch\u00fctteltrichters. Hohe Wasserbeladbarkeit, ohne dass Wasser bei Elution mit organischen L\u00f6semitteln wieder abgegeben wird. Auch verwendbar, um kleine Wassermengen aus organischen [&hellip;]<\/p>\n","protected":false},"featured_media":4624,"comment_status":"open","ping_status":"closed","template":"","meta":[],"product_cat":[25,26,31],"product_tag":[],"class_list":{"0":"post-4611","1":"product","2":"type-product","3":"status-publish","4":"has-post-thumbnail","6":"product_cat-chromatographie","7":"product_cat-festphasenextraktion-spe","8":"product_cat-sle-lle","10":"first","11":"instock","12":"shipping-taxable","13":"product-type-simple"},"_links":{"self":[{"href":"https:\/\/eam-scientific.com\/de\/wp-json\/wp\/v2\/product\/4611","targetHints":{"allow":["GET"]}}],"collection":[{"href":"https:\/\/eam-scientific.com\/de\/wp-json\/wp\/v2\/product"}],"about":[{"href":"https:\/\/eam-scientific.com\/de\/wp-json\/wp\/v2\/types\/product"}],"replies":[{"embeddable":true,"href":"https:\/\/eam-scientific.com\/de\/wp-json\/wp\/v2\/comments?post=4611"}],"wp:featuredmedia":[{"embeddable":true,"href":"https:\/\/eam-scientific.com\/de\/wp-json\/wp\/v2\/media\/4624"}],"wp:attachment":[{"href":"https:\/\/eam-scientific.com\/de\/wp-json\/wp\/v2\/media?parent=4611"}],"wp:term":[{"taxonomy":"product_cat","embeddable":true,"href":"https:\/\/eam-scientific.com\/de\/wp-json\/wp\/v2\/product_cat?post=4611"},{"taxonomy":"product_tag","embeddable":true,"href":"https:\/\/eam-scientific.com\/de\/wp-json\/wp\/v2\/product_tag?post=4611"}],"curies":[{"name":"wp","href":"https:\/\/api.w.org\/{rel}","templated":true}]}}