{"id":4628,"date":"2024-06-20T14:55:27","date_gmt":"2024-06-20T12:55:27","guid":{"rendered":"https:\/\/eam-scientific.com\/?post_type=product&#038;p=4628"},"modified":"2024-06-28T10:10:33","modified_gmt":"2024-06-28T08:10:33","slug":"spe-sorbens-bulk-chromabond-c6h5","status":"publish","type":"product","link":"https:\/\/eam-scientific.com\/de\/produkt\/spe-sorbens-bulk-chromabond-c6h5\/","title":{"rendered":"SPE Sorbens (Bulk), CHROMABOND C6H5"},"content":{"rendered":"<p>Packmaterial, Sorbens f\u00fcr SPE-Anwendungen. Phenyl-modifizierte Kieselgelphase. Neben hydrophoben Interaktionen ist eine selektivere Adsorption durch \u03c0-\u03c0 Interaktionen aufgrund der Elektronendichte des Phenylrings m\u00f6glich. \u00c4hnliche Polarit\u00e4t wie C8.<\/p>\n","protected":false},"excerpt":{"rendered":"<p>Packmaterial, Sorbens f\u00fcr SPE-Anwendungen. Phenyl-modifizierte Kieselgelphase. Neben hydrophoben Interaktionen ist eine selektivere Adsorption durch \u03c0-\u03c0 Interaktionen aufgrund der Elektronendichte des Phenylrings m\u00f6glich. \u00c4hnliche Polarit\u00e4t wie C8.<\/p>\n","protected":false},"featured_media":4641,"comment_status":"open","ping_status":"closed","template":"","meta":[],"product_cat":[25,26,32],"product_tag":[],"class_list":{"0":"post-4628","1":"product","2":"type-product","3":"status-publish","4":"has-post-thumbnail","6":"product_cat-chromatographie","7":"product_cat-festphasenextraktion-spe","8":"product_cat-spe-sorbentien","10":"first","11":"instock","12":"shipping-taxable","13":"product-type-simple"},"_links":{"self":[{"href":"https:\/\/eam-scientific.com\/de\/wp-json\/wp\/v2\/product\/4628","targetHints":{"allow":["GET"]}}],"collection":[{"href":"https:\/\/eam-scientific.com\/de\/wp-json\/wp\/v2\/product"}],"about":[{"href":"https:\/\/eam-scientific.com\/de\/wp-json\/wp\/v2\/types\/product"}],"replies":[{"embeddable":true,"href":"https:\/\/eam-scientific.com\/de\/wp-json\/wp\/v2\/comments?post=4628"}],"wp:featuredmedia":[{"embeddable":true,"href":"https:\/\/eam-scientific.com\/de\/wp-json\/wp\/v2\/media\/4641"}],"wp:attachment":[{"href":"https:\/\/eam-scientific.com\/de\/wp-json\/wp\/v2\/media?parent=4628"}],"wp:term":[{"taxonomy":"product_cat","embeddable":true,"href":"https:\/\/eam-scientific.com\/de\/wp-json\/wp\/v2\/product_cat?post=4628"},{"taxonomy":"product_tag","embeddable":true,"href":"https:\/\/eam-scientific.com\/de\/wp-json\/wp\/v2\/product_tag?post=4628"}],"curies":[{"name":"wp","href":"https:\/\/api.w.org\/{rel}","templated":true}]}}