{"id":4629,"date":"2024-06-20T14:55:27","date_gmt":"2024-06-20T12:55:27","guid":{"rendered":"https:\/\/eam-scientific.com\/?post_type=product&#038;p=4629"},"modified":"2024-06-28T10:10:33","modified_gmt":"2024-06-28T08:10:33","slug":"spe-sorbens-bulk-chromabond-sa","status":"publish","type":"product","link":"https:\/\/eam-scientific.com\/de\/produkt\/spe-sorbens-bulk-chromabond-sa\/","title":{"rendered":"SPE Sorbens (Bulk), CHROMABOND SA"},"content":{"rendered":"<p>Packmaterial, Sorbens f\u00fcr SPE-Anwendungen. Benzolsulfons\u00e4ure-modifiziertes Kieselgel, stark saurer Kationenaustauscher (SCX, Kapazit\u00e4t ~ 0,5 meq\/g), Sorbens mit hydrophoben und \u03c0-\u03c0-Wechselwirkungen (Benzolring), Ionenaustausch von organischen Verbindungen aus w\u00e4ssriger Matrix, Elution von interessierenden Verbindungen mit L\u00f6semittel-Systemen, die die ionischen und unpolaren Wechselwirkungen aufheben, z.B. methanolischer HCl.<\/p>\n","protected":false},"excerpt":{"rendered":"<p>Packmaterial, Sorbens f\u00fcr SPE-Anwendungen. Benzolsulfons\u00e4ure-modifiziertes Kieselgel, stark saurer Kationenaustauscher (SCX, Kapazit\u00e4t ~ 0,5 meq\/g), Sorbens mit hydrophoben und \u03c0-\u03c0-Wechselwirkungen (Benzolring), Ionenaustausch von organischen Verbindungen aus w\u00e4ssriger Matrix, Elution von interessierenden Verbindungen mit L\u00f6semittel-Systemen, die die ionischen und unpolaren Wechselwirkungen aufheben, z.B. methanolischer HCl.<\/p>\n","protected":false},"featured_media":4649,"comment_status":"open","ping_status":"closed","template":"","meta":[],"product_cat":[25,26,32],"product_tag":[],"class_list":{"0":"post-4629","1":"product","2":"type-product","3":"status-publish","4":"has-post-thumbnail","6":"product_cat-chromatographie","7":"product_cat-festphasenextraktion-spe","8":"product_cat-spe-sorbentien","10":"first","11":"instock","12":"shipping-taxable","13":"product-type-simple"},"_links":{"self":[{"href":"https:\/\/eam-scientific.com\/de\/wp-json\/wp\/v2\/product\/4629","targetHints":{"allow":["GET"]}}],"collection":[{"href":"https:\/\/eam-scientific.com\/de\/wp-json\/wp\/v2\/product"}],"about":[{"href":"https:\/\/eam-scientific.com\/de\/wp-json\/wp\/v2\/types\/product"}],"replies":[{"embeddable":true,"href":"https:\/\/eam-scientific.com\/de\/wp-json\/wp\/v2\/comments?post=4629"}],"wp:featuredmedia":[{"embeddable":true,"href":"https:\/\/eam-scientific.com\/de\/wp-json\/wp\/v2\/media\/4649"}],"wp:attachment":[{"href":"https:\/\/eam-scientific.com\/de\/wp-json\/wp\/v2\/media?parent=4629"}],"wp:term":[{"taxonomy":"product_cat","embeddable":true,"href":"https:\/\/eam-scientific.com\/de\/wp-json\/wp\/v2\/product_cat?post=4629"},{"taxonomy":"product_tag","embeddable":true,"href":"https:\/\/eam-scientific.com\/de\/wp-json\/wp\/v2\/product_tag?post=4629"}],"curies":[{"name":"wp","href":"https:\/\/api.w.org\/{rel}","templated":true}]}}