{"id":4631,"date":"2024-06-20T14:55:27","date_gmt":"2024-06-20T12:55:27","guid":{"rendered":"https:\/\/eam-scientific.com\/?post_type=product&#038;p=4631"},"modified":"2024-06-28T10:10:33","modified_gmt":"2024-06-28T08:10:33","slug":"spe-sorbens-bulk-chromabond-nan","status":"publish","type":"product","link":"https:\/\/eam-scientific.com\/de\/produkt\/spe-sorbens-bulk-chromabond-nan\/","title":{"rendered":"SPE Sorbens (Bulk), CHROMABOND NAN"},"content":{"rendered":"<p>Packmaterial, Sorbens f\u00fcr SPE-Anwendungen. Spezielle Kombinationsphase f\u00fcr die SPE-Analyse von PCBs aus Kl\u00e4rschlamm &#8211; N, Natriumsulfat zur Entfernung von Wasserspuren. A, SiOH\/AgNO3-Phase zur Abtrennung von Schwefel, schwefelhaltigen und polaren Verbindungen.<\/p>\n","protected":false},"excerpt":{"rendered":"<p>Packmaterial, Sorbens f\u00fcr SPE-Anwendungen. Spezielle Kombinationsphase f\u00fcr die SPE-Analyse von PCBs aus Kl\u00e4rschlamm &#8211; N, Natriumsulfat zur Entfernung von Wasserspuren. A, SiOH\/AgNO3-Phase zur Abtrennung von Schwefel, schwefelhaltigen und polaren Verbindungen.<\/p>\n","protected":false},"featured_media":4651,"comment_status":"open","ping_status":"closed","template":"","meta":[],"product_cat":[25,26,32],"product_tag":[],"class_list":{"0":"post-4631","1":"product","2":"type-product","3":"status-publish","4":"has-post-thumbnail","6":"product_cat-chromatographie","7":"product_cat-festphasenextraktion-spe","8":"product_cat-spe-sorbentien","10":"first","11":"instock","12":"shipping-taxable","13":"product-type-simple"},"_links":{"self":[{"href":"https:\/\/eam-scientific.com\/de\/wp-json\/wp\/v2\/product\/4631","targetHints":{"allow":["GET"]}}],"collection":[{"href":"https:\/\/eam-scientific.com\/de\/wp-json\/wp\/v2\/product"}],"about":[{"href":"https:\/\/eam-scientific.com\/de\/wp-json\/wp\/v2\/types\/product"}],"replies":[{"embeddable":true,"href":"https:\/\/eam-scientific.com\/de\/wp-json\/wp\/v2\/comments?post=4631"}],"wp:featuredmedia":[{"embeddable":true,"href":"https:\/\/eam-scientific.com\/de\/wp-json\/wp\/v2\/media\/4651"}],"wp:attachment":[{"href":"https:\/\/eam-scientific.com\/de\/wp-json\/wp\/v2\/media?parent=4631"}],"wp:term":[{"taxonomy":"product_cat","embeddable":true,"href":"https:\/\/eam-scientific.com\/de\/wp-json\/wp\/v2\/product_cat?post=4631"},{"taxonomy":"product_tag","embeddable":true,"href":"https:\/\/eam-scientific.com\/de\/wp-json\/wp\/v2\/product_tag?post=4631"}],"curies":[{"name":"wp","href":"https:\/\/api.w.org\/{rel}","templated":true}]}}