{"id":4648,"date":"2024-06-20T14:55:49","date_gmt":"2024-06-20T12:55:49","guid":{"rendered":"https:\/\/eam-scientific.com\/?post_type=product&#038;p=4648"},"modified":"2024-06-28T10:10:35","modified_gmt":"2024-06-28T08:10:35","slug":"spe-sorbens-bulk-chromabond-c4","status":"publish","type":"product","link":"https:\/\/eam-scientific.com\/de\/produkt\/spe-sorbens-bulk-chromabond-c4\/","title":{"rendered":"SPE Sorbens (Bulk), CHROMABOND C4"},"content":{"rendered":"<p>Packmaterial, Sorbens f\u00fcr SPE-Anwendungen. Butyl-modifizierte Kieselgelphase, nicht endcapped. Aufgrund k\u00fcrzerer Alkylketten ist die Kieslgeloberfl\u00e4che nicht vollst\u00e4ndig abgeschirmt.<\/p>\n","protected":false},"excerpt":{"rendered":"<p>Packmaterial, Sorbens f\u00fcr SPE-Anwendungen. Butyl-modifizierte Kieselgelphase, nicht endcapped. Aufgrund k\u00fcrzerer Alkylketten ist die Kieslgeloberfl\u00e4che nicht vollst\u00e4ndig abgeschirmt.<\/p>\n","protected":false},"featured_media":4667,"comment_status":"open","ping_status":"closed","template":"","meta":[],"product_cat":[25,26,32],"product_tag":[],"class_list":{"0":"post-4648","1":"product","2":"type-product","3":"status-publish","4":"has-post-thumbnail","6":"product_cat-chromatographie","7":"product_cat-festphasenextraktion-spe","8":"product_cat-spe-sorbentien","10":"first","11":"instock","12":"shipping-taxable","13":"product-type-simple"},"_links":{"self":[{"href":"https:\/\/eam-scientific.com\/de\/wp-json\/wp\/v2\/product\/4648","targetHints":{"allow":["GET"]}}],"collection":[{"href":"https:\/\/eam-scientific.com\/de\/wp-json\/wp\/v2\/product"}],"about":[{"href":"https:\/\/eam-scientific.com\/de\/wp-json\/wp\/v2\/types\/product"}],"replies":[{"embeddable":true,"href":"https:\/\/eam-scientific.com\/de\/wp-json\/wp\/v2\/comments?post=4648"}],"wp:featuredmedia":[{"embeddable":true,"href":"https:\/\/eam-scientific.com\/de\/wp-json\/wp\/v2\/media\/4667"}],"wp:attachment":[{"href":"https:\/\/eam-scientific.com\/de\/wp-json\/wp\/v2\/media?parent=4648"}],"wp:term":[{"taxonomy":"product_cat","embeddable":true,"href":"https:\/\/eam-scientific.com\/de\/wp-json\/wp\/v2\/product_cat?post=4648"},{"taxonomy":"product_tag","embeddable":true,"href":"https:\/\/eam-scientific.com\/de\/wp-json\/wp\/v2\/product_tag?post=4648"}],"curies":[{"name":"wp","href":"https:\/\/api.w.org\/{rel}","templated":true}]}}