{"id":4686,"date":"2024-06-20T14:56:52","date_gmt":"2024-06-20T12:56:52","guid":{"rendered":"https:\/\/eam-scientific.com\/?post_type=product&#038;p=4686"},"modified":"2024-06-28T10:10:38","modified_gmt":"2024-06-28T08:10:38","slug":"reservoirsaeulen-70-ml-mit-adapter-fuer-15-45-70-ml-chromabond-spe-pp-saeulen","status":"publish","type":"product","link":"https:\/\/eam-scientific.com\/de\/produkt\/reservoirsaeulen-70-ml-mit-adapter-fuer-15-45-70-ml-chromabond-spe-pp-saeulen\/","title":{"rendered":"Reservoirs\u00e4ulen, 70 mL, mit Adapter f\u00fcr 15, 45, 70 mL CHROMABOND SPE PP S\u00e4ulen"},"content":{"rendered":"<p>CHROMABOND Reservoirs\u00e4ulen aus Polypropylen (PP) mit Adapter.<\/p>\n","protected":false},"excerpt":{"rendered":"<p>CHROMABOND Reservoirs\u00e4ulen aus Polypropylen (PP) mit Adapter.<\/p>\n","protected":false},"featured_media":4698,"comment_status":"open","ping_status":"closed","template":"","meta":[],"product_cat":[25,26,33],"product_tag":[],"class_list":{"0":"post-4686","1":"product","2":"type-product","3":"status-publish","4":"has-post-thumbnail","6":"product_cat-chromatographie","7":"product_cat-festphasenextraktion-spe","8":"product_cat-spe-zubehoer","10":"first","11":"instock","12":"shipping-taxable","13":"product-type-simple"},"_links":{"self":[{"href":"https:\/\/eam-scientific.com\/de\/wp-json\/wp\/v2\/product\/4686","targetHints":{"allow":["GET"]}}],"collection":[{"href":"https:\/\/eam-scientific.com\/de\/wp-json\/wp\/v2\/product"}],"about":[{"href":"https:\/\/eam-scientific.com\/de\/wp-json\/wp\/v2\/types\/product"}],"replies":[{"embeddable":true,"href":"https:\/\/eam-scientific.com\/de\/wp-json\/wp\/v2\/comments?post=4686"}],"wp:featuredmedia":[{"embeddable":true,"href":"https:\/\/eam-scientific.com\/de\/wp-json\/wp\/v2\/media\/4698"}],"wp:attachment":[{"href":"https:\/\/eam-scientific.com\/de\/wp-json\/wp\/v2\/media?parent=4686"}],"wp:term":[{"taxonomy":"product_cat","embeddable":true,"href":"https:\/\/eam-scientific.com\/de\/wp-json\/wp\/v2\/product_cat?post=4686"},{"taxonomy":"product_tag","embeddable":true,"href":"https:\/\/eam-scientific.com\/de\/wp-json\/wp\/v2\/product_tag?post=4686"}],"curies":[{"name":"wp","href":"https:\/\/api.w.org\/{rel}","templated":true}]}}