{"id":4727,"date":"2024-06-20T14:57:38","date_gmt":"2024-06-20T12:57:38","guid":{"rendered":"https:\/\/eam-scientific.com\/?post_type=product&#038;p=4727"},"modified":"2024-06-28T10:11:28","modified_gmt":"2024-06-28T08:11:28","slug":"schlauchadapter-mit-gewicht-15-45-70-ml-chromabond-spe-saeulen","status":"publish","type":"product","link":"https:\/\/eam-scientific.com\/de\/produkt\/schlauchadapter-mit-gewicht-15-45-70-ml-chromabond-spe-saeulen\/","title":{"rendered":"Schlauchadapter mit Gewicht 15, 45, 70 mL CHROMABOND SPE S\u00e4ulen"},"content":{"rendered":"<p>CHROMABOND Schlauchadapter zur Applikation gro\u00dfer Probenmengen auf SPE-S\u00e4ulen (PP, 15 mL, 45 mL, 70 mL), inkl. PTFE-Schl\u00e4uche (ca. 1 m) mit Gewicht.<\/p>\n","protected":false},"excerpt":{"rendered":"<p>CHROMABOND Schlauchadapter zur Applikation gro\u00dfer Probenmengen auf SPE-S\u00e4ulen (PP, 15 mL, 45 mL, 70 mL), inkl. PTFE-Schl\u00e4uche (ca. 1 m) mit Gewicht.<\/p>\n","protected":false},"featured_media":4739,"comment_status":"open","ping_status":"closed","template":"","meta":[],"product_cat":[25,26,33],"product_tag":[],"class_list":{"0":"post-4727","1":"product","2":"type-product","3":"status-publish","4":"has-post-thumbnail","6":"product_cat-chromatographie","7":"product_cat-festphasenextraktion-spe","8":"product_cat-spe-zubehoer","10":"first","11":"instock","12":"shipping-taxable","13":"product-type-simple"},"_links":{"self":[{"href":"https:\/\/eam-scientific.com\/de\/wp-json\/wp\/v2\/product\/4727","targetHints":{"allow":["GET"]}}],"collection":[{"href":"https:\/\/eam-scientific.com\/de\/wp-json\/wp\/v2\/product"}],"about":[{"href":"https:\/\/eam-scientific.com\/de\/wp-json\/wp\/v2\/types\/product"}],"replies":[{"embeddable":true,"href":"https:\/\/eam-scientific.com\/de\/wp-json\/wp\/v2\/comments?post=4727"}],"wp:featuredmedia":[{"embeddable":true,"href":"https:\/\/eam-scientific.com\/de\/wp-json\/wp\/v2\/media\/4739"}],"wp:attachment":[{"href":"https:\/\/eam-scientific.com\/de\/wp-json\/wp\/v2\/media?parent=4727"}],"wp:term":[{"taxonomy":"product_cat","embeddable":true,"href":"https:\/\/eam-scientific.com\/de\/wp-json\/wp\/v2\/product_cat?post=4727"},{"taxonomy":"product_tag","embeddable":true,"href":"https:\/\/eam-scientific.com\/de\/wp-json\/wp\/v2\/product_tag?post=4727"}],"curies":[{"name":"wp","href":"https:\/\/api.w.org\/{rel}","templated":true}]}}