{"id":4748,"date":"2024-06-20T14:57:59","date_gmt":"2024-06-20T12:57:59","guid":{"rendered":"https:\/\/eam-scientific.com\/?post_type=product&#038;p=4748"},"modified":"2024-06-28T10:11:33","modified_gmt":"2024-06-28T08:11:33","slug":"chromabond-edelstahlkonnektoren-fuer-spe-vakuumkammern","status":"publish","type":"product","link":"https:\/\/eam-scientific.com\/de\/produkt\/chromabond-edelstahlkonnektoren-fuer-spe-vakuumkammern\/","title":{"rendered":"CHROMABOND Edelstahlkonnektoren f\u00fcr SPE Vakuumkammern"},"content":{"rendered":"<p>F\u00fcr spezielle Anwendungen, die einen maximalen Schutz vor Kreuzkontaminationen erfordern, liefern wir verchromte Messingh\u00e4hne und Konnektoren aus Edelstahl oder PTFE. Diese speziellen Konnektoren werden durch den Deckel hindurch montiert. Somit hat die Probe nur Kontakt mit dem inerten Konnektor und kann direkt in das Auffanggef\u00e4\u00df abflie\u00dfen.<\/p>\n","protected":false},"excerpt":{"rendered":"<p>F\u00fcr spezielle Anwendungen, die einen maximalen Schutz vor Kreuzkontaminationen erfordern, liefern wir verchromte Messingh\u00e4hne und Konnektoren aus Edelstahl oder PTFE. Diese speziellen Konnektoren werden durch den Deckel hindurch montiert. Somit hat die Probe nur Kontakt mit dem inerten Konnektor und kann direkt in das Auffanggef\u00e4\u00df abflie\u00dfen.<\/p>\n","protected":false},"featured_media":4759,"comment_status":"open","ping_status":"closed","template":"","meta":[],"product_cat":[25,26,33],"product_tag":[],"class_list":{"0":"post-4748","1":"product","2":"type-product","3":"status-publish","4":"has-post-thumbnail","6":"product_cat-chromatographie","7":"product_cat-festphasenextraktion-spe","8":"product_cat-spe-zubehoer","10":"first","11":"instock","12":"shipping-taxable","13":"product-type-simple"},"_links":{"self":[{"href":"https:\/\/eam-scientific.com\/de\/wp-json\/wp\/v2\/product\/4748","targetHints":{"allow":["GET"]}}],"collection":[{"href":"https:\/\/eam-scientific.com\/de\/wp-json\/wp\/v2\/product"}],"about":[{"href":"https:\/\/eam-scientific.com\/de\/wp-json\/wp\/v2\/types\/product"}],"replies":[{"embeddable":true,"href":"https:\/\/eam-scientific.com\/de\/wp-json\/wp\/v2\/comments?post=4748"}],"wp:featuredmedia":[{"embeddable":true,"href":"https:\/\/eam-scientific.com\/de\/wp-json\/wp\/v2\/media\/4759"}],"wp:attachment":[{"href":"https:\/\/eam-scientific.com\/de\/wp-json\/wp\/v2\/media?parent=4748"}],"wp:term":[{"taxonomy":"product_cat","embeddable":true,"href":"https:\/\/eam-scientific.com\/de\/wp-json\/wp\/v2\/product_cat?post=4748"},{"taxonomy":"product_tag","embeddable":true,"href":"https:\/\/eam-scientific.com\/de\/wp-json\/wp\/v2\/product_tag?post=4748"}],"curies":[{"name":"wp","href":"https:\/\/api.w.org\/{rel}","templated":true}]}}