{"id":4764,"date":"2024-06-20T14:58:18","date_gmt":"2024-06-20T12:58:18","guid":{"rendered":"https:\/\/eam-scientific.com\/?post_type=product&#038;p=4764"},"modified":"2024-06-28T10:11:33","modified_gmt":"2024-06-28T08:11:33","slug":"chromabond-spe-vakuumkammer-fuer-12-positionen-komplett","status":"publish","type":"product","link":"https:\/\/eam-scientific.com\/de\/produkt\/chromabond-spe-vakuumkammer-fuer-12-positionen-komplett\/","title":{"rendered":"CHROMABOND SPE Vakuumkammer f\u00fcr 12 Positionen, komplett"},"content":{"rendered":"<p>CHROMABOND SPE Vakuumkammer f\u00fcr 12 Positionen, komplett. Bestehend aus: Glastrog mit Deckel (komplett, inkl. 4x F\u00fc\u00dfe, Luer-Anschl\u00fcsse\/Deckeldurchf\u00fchrungen, Deckeldichtung), austauschbare Nadeln (PP), Manometer inkl. Kontrollventil, Luer-Ventile (Absperrh\u00e4hne), Kappen, variables Rack und Auffangbeh\u00e4lter (PP-Tank).<\/p>\n","protected":false},"excerpt":{"rendered":"<p>CHROMABOND SPE Vakuumkammer f\u00fcr 12 Positionen, komplett. Bestehend aus: Glastrog mit Deckel (komplett, inkl. 4x F\u00fc\u00dfe, Luer-Anschl\u00fcsse\/Deckeldurchf\u00fchrungen, Deckeldichtung), austauschbare Nadeln (PP), Manometer inkl. Kontrollventil, Luer-Ventile (Absperrh\u00e4hne), Kappen, variables Rack und Auffangbeh\u00e4lter (PP-Tank).<\/p>\n","protected":false},"featured_media":4794,"comment_status":"open","ping_status":"closed","template":"","meta":[],"product_cat":[25,26,33],"product_tag":[],"class_list":{"0":"post-4764","1":"product","2":"type-product","3":"status-publish","4":"has-post-thumbnail","6":"product_cat-chromatographie","7":"product_cat-festphasenextraktion-spe","8":"product_cat-spe-zubehoer","10":"first","11":"instock","12":"shipping-taxable","13":"product-type-simple"},"_links":{"self":[{"href":"https:\/\/eam-scientific.com\/de\/wp-json\/wp\/v2\/product\/4764","targetHints":{"allow":["GET"]}}],"collection":[{"href":"https:\/\/eam-scientific.com\/de\/wp-json\/wp\/v2\/product"}],"about":[{"href":"https:\/\/eam-scientific.com\/de\/wp-json\/wp\/v2\/types\/product"}],"replies":[{"embeddable":true,"href":"https:\/\/eam-scientific.com\/de\/wp-json\/wp\/v2\/comments?post=4764"}],"wp:featuredmedia":[{"embeddable":true,"href":"https:\/\/eam-scientific.com\/de\/wp-json\/wp\/v2\/media\/4794"}],"wp:attachment":[{"href":"https:\/\/eam-scientific.com\/de\/wp-json\/wp\/v2\/media?parent=4764"}],"wp:term":[{"taxonomy":"product_cat","embeddable":true,"href":"https:\/\/eam-scientific.com\/de\/wp-json\/wp\/v2\/product_cat?post=4764"},{"taxonomy":"product_tag","embeddable":true,"href":"https:\/\/eam-scientific.com\/de\/wp-json\/wp\/v2\/product_tag?post=4764"}],"curies":[{"name":"wp","href":"https:\/\/api.w.org\/{rel}","templated":true}]}}