{"id":4767,"date":"2024-06-20T14:58:18","date_gmt":"2024-06-20T12:58:18","guid":{"rendered":"https:\/\/eam-scientific.com\/?post_type=product&#038;p=4767"},"modified":"2024-06-28T10:11:33","modified_gmt":"2024-06-28T08:11:33","slug":"schlauchadapter-mit-gewicht-fuer-1-3-6-ml-chromabond-spe-saeulen","status":"publish","type":"product","link":"https:\/\/eam-scientific.com\/de\/produkt\/schlauchadapter-mit-gewicht-fuer-1-3-6-ml-chromabond-spe-saeulen\/","title":{"rendered":"Schlauchadapter mit Gewicht f\u00fcr 1, 3, 6 mL CHROMABOND SPE S\u00e4ulen"},"content":{"rendered":"<p>CHROMABOND Schlauchadapter zur Applikation gro\u00dfer Probenmengen auf SPE-S\u00e4ulen (PP, 1 mL, 3 mL, 6 mL), inkl. PTFE-Schl\u00e4uche (ca. 1 m) mit Gewicht.<\/p>\n","protected":false},"excerpt":{"rendered":"<p>CHROMABOND Schlauchadapter zur Applikation gro\u00dfer Probenmengen auf SPE-S\u00e4ulen (PP, 1 mL, 3 mL, 6 mL), inkl. PTFE-Schl\u00e4uche (ca. 1 m) mit Gewicht.<\/p>\n","protected":false},"featured_media":4797,"comment_status":"open","ping_status":"closed","template":"","meta":[],"product_cat":[25,26,33],"product_tag":[],"class_list":{"0":"post-4767","1":"product","2":"type-product","3":"status-publish","4":"has-post-thumbnail","6":"product_cat-chromatographie","7":"product_cat-festphasenextraktion-spe","8":"product_cat-spe-zubehoer","10":"first","11":"instock","12":"shipping-taxable","13":"product-type-simple"},"_links":{"self":[{"href":"https:\/\/eam-scientific.com\/de\/wp-json\/wp\/v2\/product\/4767","targetHints":{"allow":["GET"]}}],"collection":[{"href":"https:\/\/eam-scientific.com\/de\/wp-json\/wp\/v2\/product"}],"about":[{"href":"https:\/\/eam-scientific.com\/de\/wp-json\/wp\/v2\/types\/product"}],"replies":[{"embeddable":true,"href":"https:\/\/eam-scientific.com\/de\/wp-json\/wp\/v2\/comments?post=4767"}],"wp:featuredmedia":[{"embeddable":true,"href":"https:\/\/eam-scientific.com\/de\/wp-json\/wp\/v2\/media\/4797"}],"wp:attachment":[{"href":"https:\/\/eam-scientific.com\/de\/wp-json\/wp\/v2\/media?parent=4767"}],"wp:term":[{"taxonomy":"product_cat","embeddable":true,"href":"https:\/\/eam-scientific.com\/de\/wp-json\/wp\/v2\/product_cat?post=4767"},{"taxonomy":"product_tag","embeddable":true,"href":"https:\/\/eam-scientific.com\/de\/wp-json\/wp\/v2\/product_tag?post=4767"}],"curies":[{"name":"wp","href":"https:\/\/api.w.org\/{rel}","templated":true}]}}