{"id":4768,"date":"2024-06-20T14:58:18","date_gmt":"2024-06-20T12:58:18","guid":{"rendered":"https:\/\/eam-scientific.com\/?post_type=product&#038;p=4768"},"modified":"2024-06-28T10:11:33","modified_gmt":"2024-06-28T08:11:33","slug":"chromabond-polypropylen-pp-zentrifugenroehrchen-50-ml-mit-deckel-leer","status":"publish","type":"product","link":"https:\/\/eam-scientific.com\/de\/produkt\/chromabond-polypropylen-pp-zentrifugenroehrchen-50-ml-mit-deckel-leer\/","title":{"rendered":"CHROMABOND Polypropylen (PP) Zentrifugenr\u00f6hrchen, 50 mL mit Deckel, leer"},"content":{"rendered":"<p>Leere CHROMABOND Polypropylen (PP)-Zentrifugengl\u00e4ser f\u00fcr QuECHER, 50 mL mit Schraubkappen.<\/p>\n","protected":false},"excerpt":{"rendered":"<p>Leere CHROMABOND Polypropylen (PP)-Zentrifugengl\u00e4ser f\u00fcr QuECHER, 50 mL mit Schraubkappen.<\/p>\n","protected":false},"featured_media":4798,"comment_status":"open","ping_status":"closed","template":"","meta":[],"product_cat":[25,26,33],"product_tag":[],"class_list":{"0":"post-4768","1":"product","2":"type-product","3":"status-publish","4":"has-post-thumbnail","6":"product_cat-chromatographie","7":"product_cat-festphasenextraktion-spe","8":"product_cat-spe-zubehoer","10":"first","11":"instock","12":"shipping-taxable","13":"product-type-simple"},"_links":{"self":[{"href":"https:\/\/eam-scientific.com\/de\/wp-json\/wp\/v2\/product\/4768","targetHints":{"allow":["GET"]}}],"collection":[{"href":"https:\/\/eam-scientific.com\/de\/wp-json\/wp\/v2\/product"}],"about":[{"href":"https:\/\/eam-scientific.com\/de\/wp-json\/wp\/v2\/types\/product"}],"replies":[{"embeddable":true,"href":"https:\/\/eam-scientific.com\/de\/wp-json\/wp\/v2\/comments?post=4768"}],"wp:featuredmedia":[{"embeddable":true,"href":"https:\/\/eam-scientific.com\/de\/wp-json\/wp\/v2\/media\/4798"}],"wp:attachment":[{"href":"https:\/\/eam-scientific.com\/de\/wp-json\/wp\/v2\/media?parent=4768"}],"wp:term":[{"taxonomy":"product_cat","embeddable":true,"href":"https:\/\/eam-scientific.com\/de\/wp-json\/wp\/v2\/product_cat?post=4768"},{"taxonomy":"product_tag","embeddable":true,"href":"https:\/\/eam-scientific.com\/de\/wp-json\/wp\/v2\/product_tag?post=4768"}],"curies":[{"name":"wp","href":"https:\/\/api.w.org\/{rel}","templated":true}]}}