{"id":4774,"date":"2024-06-20T14:58:18","date_gmt":"2024-06-20T12:58:18","guid":{"rendered":"https:\/\/eam-scientific.com\/?post_type=product&#038;p=4774"},"modified":"2024-06-28T10:11:33","modified_gmt":"2024-06-28T08:11:33","slug":"adapter-fuer-1-3-6-ml-chromabond-spe-polypropylensaeulen-pp","status":"publish","type":"product","link":"https:\/\/eam-scientific.com\/de\/produkt\/adapter-fuer-1-3-6-ml-chromabond-spe-polypropylensaeulen-pp\/","title":{"rendered":"Adapter f\u00fcr 1, 3, 6 mL CHROMABOND SPE Polypropylens\u00e4ulen (PP)"},"content":{"rendered":"<p>Adapter f\u00fcr 1, 3 und 6 mL CHROMABOND SPE Polypropylen (PP) S\u00e4ulen.<span><br \/><\/span><\/p>\n","protected":false},"excerpt":{"rendered":"<p>Adapter f\u00fcr 1, 3 und 6 mL CHROMABOND SPE Polypropylen (PP) S\u00e4ulen.<\/p>\n","protected":false},"featured_media":4804,"comment_status":"open","ping_status":"closed","template":"","meta":[],"product_cat":[25,26,33],"product_tag":[],"class_list":{"0":"post-4774","1":"product","2":"type-product","3":"status-publish","4":"has-post-thumbnail","6":"product_cat-chromatographie","7":"product_cat-festphasenextraktion-spe","8":"product_cat-spe-zubehoer","10":"first","11":"instock","12":"shipping-taxable","13":"product-type-simple"},"_links":{"self":[{"href":"https:\/\/eam-scientific.com\/de\/wp-json\/wp\/v2\/product\/4774","targetHints":{"allow":["GET"]}}],"collection":[{"href":"https:\/\/eam-scientific.com\/de\/wp-json\/wp\/v2\/product"}],"about":[{"href":"https:\/\/eam-scientific.com\/de\/wp-json\/wp\/v2\/types\/product"}],"replies":[{"embeddable":true,"href":"https:\/\/eam-scientific.com\/de\/wp-json\/wp\/v2\/comments?post=4774"}],"wp:featuredmedia":[{"embeddable":true,"href":"https:\/\/eam-scientific.com\/de\/wp-json\/wp\/v2\/media\/4804"}],"wp:attachment":[{"href":"https:\/\/eam-scientific.com\/de\/wp-json\/wp\/v2\/media?parent=4774"}],"wp:term":[{"taxonomy":"product_cat","embeddable":true,"href":"https:\/\/eam-scientific.com\/de\/wp-json\/wp\/v2\/product_cat?post=4774"},{"taxonomy":"product_tag","embeddable":true,"href":"https:\/\/eam-scientific.com\/de\/wp-json\/wp\/v2\/product_tag?post=4774"}],"curies":[{"name":"wp","href":"https:\/\/api.w.org\/{rel}","templated":true}]}}