{"id":5019,"date":"2024-06-20T15:02:19","date_gmt":"2024-06-20T13:02:19","guid":{"rendered":"https:\/\/eam-scientific.com\/?post_type=product&#038;p=5019"},"modified":"2024-06-28T10:13:19","modified_gmt":"2024-06-28T08:13:19","slug":"gewindeflasche-n-9-116x320-mm-11-ml-konisch-runder-standfuss-klar","status":"publish","type":"product","link":"https:\/\/eam-scientific.com\/de\/produkt\/gewindeflasche-n-9-116x320-mm-11-ml-konisch-runder-standfuss-klar\/","title":{"rendered":"Gewindeflasche, N 9, 11,6&#215;32,0 mm, 1,1 mL, konisch + runder Standfu\u00df, klar"},"content":{"rendered":"<p>Aufgrund des runden Glasstandfu\u00dfes ben\u00f6tigen diese Mikroflaschen keinen Adapter f\u00fcr den Lauf im Autosampler.<\/p>\n","protected":false},"excerpt":{"rendered":"<p>Aufgrund des runden Glasstandfu\u00dfes ben\u00f6tigen diese Mikroflaschen keinen Adapter f\u00fcr den Lauf im Autosampler.<\/p>\n","protected":false},"featured_media":5031,"comment_status":"open","ping_status":"closed","template":"","meta":[],"product_cat":[25,39,38],"product_tag":[],"class_list":{"0":"post-5019","1":"product","2":"type-product","3":"status-publish","4":"has-post-thumbnail","6":"product_cat-chromatographie","7":"product_cat-flaschen","8":"product_cat-flaschen-und-verschluesse","10":"first","11":"instock","12":"shipping-taxable","13":"product-type-simple"},"_links":{"self":[{"href":"https:\/\/eam-scientific.com\/de\/wp-json\/wp\/v2\/product\/5019","targetHints":{"allow":["GET"]}}],"collection":[{"href":"https:\/\/eam-scientific.com\/de\/wp-json\/wp\/v2\/product"}],"about":[{"href":"https:\/\/eam-scientific.com\/de\/wp-json\/wp\/v2\/types\/product"}],"replies":[{"embeddable":true,"href":"https:\/\/eam-scientific.com\/de\/wp-json\/wp\/v2\/comments?post=5019"}],"wp:featuredmedia":[{"embeddable":true,"href":"https:\/\/eam-scientific.com\/de\/wp-json\/wp\/v2\/media\/5031"}],"wp:attachment":[{"href":"https:\/\/eam-scientific.com\/de\/wp-json\/wp\/v2\/media?parent=5019"}],"wp:term":[{"taxonomy":"product_cat","embeddable":true,"href":"https:\/\/eam-scientific.com\/de\/wp-json\/wp\/v2\/product_cat?post=5019"},{"taxonomy":"product_tag","embeddable":true,"href":"https:\/\/eam-scientific.com\/de\/wp-json\/wp\/v2\/product_tag?post=5019"}],"curies":[{"name":"wp","href":"https:\/\/api.w.org\/{rel}","templated":true}]}}